{"id":11183,"date":"2022-04-25T07:35:54","date_gmt":"2022-04-25T05:35:54","guid":{"rendered":"https:\/\/www.certification-india.com\/\/?page_id=11183"},"modified":"2024-08-29T17:32:39","modified_gmt":"2024-08-29T15:32:39","slug":"start","status":"publish","type":"page","link":"https:\/\/www.certification-india.com\/it\/","title":{"rendered":"Start &#8211; IT"},"content":{"rendered":"\n<h4 class=\"wp-block-heading is-style-header-headline\">your one-stop certification <strong>solution!<\/strong><\/h4>\n\n\n\n<h1 class=\"wp-block-heading is-style-border-left-headline\">MPR <strong>Overview<\/strong><\/h1>\n\n\n<section class=\"teaser-mpr-overview\">\r\n                                        <div class=\"teaser-mpr-overview-main\"\r\n                     style=\"background: url('https:\/\/www.certification-india.com\/wp-content\/uploads\/teaser_bis.jpg') no-repeat\">\r\n                    <span>Certificazione BIS<\/span>\r\n                    <div class=\"teaser-overview-more\">\r\n                        <img decoding=\"async\" src=\"https:\/\/www.certification-india.com\/wp-content\/themes\/mpr-theme\/img\/content\/content-images\/teaser-overview-more.png\"><span class=\"more-infos\"><\/span>\r\n                    <\/div>\r\n                    <div class=\"haupt-teaser-links\">\r\n                        <span class=\"close-teaser\"><img decoding=\"async\" src=\"https:\/\/www.certification-india.com\/wp-content\/themes\/mpr-theme\/img\/content\/content-images\/icon-close-white.png\"><\/span>\r\n                        <div class=\"haupt-teaser-links-content\">\r\n                            <p><a href=\"https:\/\/www.certification-india.com\/it\/bis\/che-cose-bis\/\"><strong>Certificazione BIS<\/strong><\/a><\/p>\n<p><a href=\"https:\/\/www.certification-india.com\/it\/bis\/componenti-pertinenti\/\"><strong>Prodotti rilevanti per BIS<\/strong><\/a><\/p>\n                        <\/div>\r\n                    <\/div>\r\n                <\/div>\r\n            \r\n            \r\n\r\n                                        <div class=\"teaser-mpr-overview-main-2\"\r\n                     style=\"background: url('https:\/\/www.certification-india.com\/wp-content\/uploads\/teaser_ais.jpg') no-repeat\">\r\n                    <span>Certificazione AIS<\/span>\r\n                    <div class=\"teaser-overview-more-2\">\r\n                        <img decoding=\"async\" src=\"https:\/\/www.certification-india.com\/wp-content\/themes\/mpr-theme\/img\/content\/content-images\/teaser-overview-more-2.png\">\r\n                    <\/div>\r\n                    <div class=\"haupt-teaser-links-2\">\r\n                        <span class=\"close-teaser\"><img decoding=\"async\" src=\"https:\/\/www.certification-india.com\/wp-content\/themes\/mpr-theme\/img\/content\/content-images\/icon-close.png\"><\/span>\r\n                        <div class=\"haupt-teaser-links-2-content\">\r\n                            <p><strong><a href=\"https:\/\/www.certification-india.com\/it\/ais\/che-cose-ais-tac\/\">Cos&#8217;\u00e8 la certificazione AIS \/ TAC per l&#8217;India?<\/a><\/strong><\/p>\n<p><strong><a href=\"https:\/\/www.certification-india.com\/it\/ais\/componenti-pertinenti\/\">Prodotti obbligatori AIS<\/a><\/strong><\/p>\n                        <\/div>\r\n                    <\/div>\r\n                <\/div>\r\n                        \r\n            <div class=\"teaser-mpr-overview-sub\"  style=\"background: url('https:\/\/www.certification-india.com\/wp-content\/uploads\/teaser_wpc.jpg') no-repeat\">\r\n            <span>Prodotti wireless &#8211; WPC<\/span>\r\n            <div class=\"teaser-sub-overview-more\">\r\n                <img decoding=\"async\" src=\"https:\/\/www.certification-india.com\/wp-content\/themes\/mpr-theme\/img\/content\/content-images\/teaser-overview-more.png\">\r\n            <\/div>\r\n            <div class=\"sub-teaser-links\">\r\n                <span class=\"close-teaser\"><img decoding=\"async\" src=\"https:\/\/www.certification-india.com\/wp-content\/themes\/mpr-theme\/img\/content\/content-images\/icon-close-white.png\"><\/span>\r\n                <div class=\"sub-teaser-links-content\">\r\n                    <p><a href=\"https:\/\/www.certification-india.com\/it\/wpc\/che-cose-la-certificazione-wpc-per-lindia\/\"><strong>Certificazione WPC<\/strong><\/a><\/p>\n<p><a href=\"https:\/\/www.certification-india.com\/it\/wpc\/certificazione-wpc-prodotti-obbligatori\/\"><strong>Prodotti rilevanti WPC<\/strong><\/a><\/p>\n                <\/div>\r\n            <\/div>\r\n        <\/div>\r\n            <div class=\"teaser-mpr-overview-sub\"  style=\"background: url('https:\/\/www.certification-india.com\/wp-content\/uploads\/teaser_tec-300x300-2.png') no-repeat\">\r\n            <span>Telecomunicazioni \u2013 TEC<\/span>\r\n            <div class=\"teaser-sub-overview-more\">\r\n                <img decoding=\"async\" src=\"https:\/\/www.certification-india.com\/wp-content\/themes\/mpr-theme\/img\/content\/content-images\/teaser-overview-more.png\">\r\n            <\/div>\r\n            <div class=\"sub-teaser-links\">\r\n                <span class=\"close-teaser\"><img decoding=\"async\" src=\"https:\/\/www.certification-india.com\/wp-content\/themes\/mpr-theme\/img\/content\/content-images\/icon-close-white.png\"><\/span>\r\n                <div class=\"sub-teaser-links-content\">\r\n                    <p><a href=\"https:\/\/www.certification-india.com\/it\/tec\/che-cose-la-certificazione-tec-per-lindia\/\"><strong>Certificazione TEC<\/strong><\/a><\/p>\n<p><a href=\"https:\/\/www.certification-india.com\/it\/tec\/prodotti-obbligatori-tec\/\"><strong>Prodotti rilevanti per TEC<\/strong><\/a><\/p>\n                <\/div>\r\n            <\/div>\r\n        <\/div>\r\n            <div class=\"teaser-mpr-overview-sub\"  style=\"background: url('https:\/\/www.certification-india.com\/wp-content\/uploads\/teaser_peso-1-1-300x300-2.png') no-repeat\">\r\n            <span>Prodotti antideflagranti &#8211; PESO<\/span>\r\n            <div class=\"teaser-sub-overview-more\">\r\n                <img decoding=\"async\" src=\"https:\/\/www.certification-india.com\/wp-content\/themes\/mpr-theme\/img\/content\/content-images\/teaser-overview-more.png\">\r\n            <\/div>\r\n            <div class=\"sub-teaser-links\">\r\n                <span class=\"close-teaser\"><img decoding=\"async\" src=\"https:\/\/www.certification-india.com\/wp-content\/themes\/mpr-theme\/img\/content\/content-images\/icon-close-white.png\"><\/span>\r\n                <div class=\"sub-teaser-links-content\">\r\n                    <p><a href=\"https:\/\/www.certification-india.com\/it\/peso\/che-cose-peso\/\"><strong>Certificazione PESO<\/strong><\/a><\/p>\n<p><a href=\"https:\/\/www.certification-india.com\/it\/peso\/componenti-pertinenti\/\"><strong>Prodotti rilevanti per PESO<\/strong><\/a><\/p>\n                <\/div>\r\n            <\/div>\r\n        <\/div>\r\n            <div class=\"teaser-mpr-overview-sub\"  style=\"background: url('https:\/\/www.certification-india.com\/wp-content\/uploads\/lebensmittel-3-s-1.jpg') no-repeat\">\r\n            <span>Certificazione dei prodotti alimentari per l&#8217;India<\/span>\r\n            <div class=\"teaser-sub-overview-more\">\r\n                <img decoding=\"async\" src=\"https:\/\/www.certification-india.com\/wp-content\/themes\/mpr-theme\/img\/content\/content-images\/teaser-overview-more.png\">\r\n            <\/div>\r\n            <div class=\"sub-teaser-links\">\r\n                <span class=\"close-teaser\"><img decoding=\"async\" src=\"https:\/\/www.certification-india.com\/wp-content\/themes\/mpr-theme\/img\/content\/content-images\/icon-close-white.png\"><\/span>\r\n                <div class=\"sub-teaser-links-content\">\r\n                    <p><a href=\"https:\/\/www.certification-india.com\/it\/altre-certificazioni\/certificazione-alimentare-per-india-fssai\/\"><strong>Certificazione dei prodotti alimentari<\/strong><\/a><\/p>\n                <\/div>\r\n            <\/div>\r\n        <\/div>\r\n    <\/section>\r\n\r\n\r\n\r\n\n\n\r\n<section class=\"mpr-theme-teaser-hintergrund\">\r\n    <div class=\"mpr-theme-teaser-hintergrund-content\">\r\n        <div class=\"mpr-theme-teaser-hintergrund-content-width\">\r\n            <h2><strong>MPR India Certification<\/strong><\/h2>\n<p>L&#8217;India ha visto un&#8217;enorme crescita delle vendite in quasi tutti i mercati negli ultimi anni, in particolare nel settore automobilistico.<\/p>\n<p>Con le nostre sedi in tutto il mondo, consigliamo e accompagniamo i produttori e i loro fornitori con i loro progetti di certificazione per l&#8217;India. I nostri clienti sono produttori nei settori automobilistico, elettronico, meccanico, petrolchimico, casalingo, giocattoli e alimentare.<\/p>\n<p>Su tutti questi argomenti, conosciamo gli obblighi di certificazione, i requisiti di prova e i requisiti per gli audit dei siti di produzione. Il nostro team internazionale di esperti risponder\u00e0 alla tua richiesta per l&#8217;approvazione del mercato per l&#8217;India <strong>entro 24 ore!<\/strong><\/p>\n        <\/div>\r\n        <div class=\"mpr-theme-teaser-hintergrund-more\">\r\n            <a class=\"button\" href=\"https:\/\/www.certification-india.com\/it\/about-us\/\"\r\n               target=\"_self\">Ulteriori informazioni &#8230;<\/a>\r\n        <\/div>\r\n    <\/div>\r\n<\/section>\n\n\n<div class=\"wp-block-columns is-layout-flex wp-container-core-columns-is-layout-9d6595d7 wp-block-columns-is-layout-flex\">\n<div class=\"wp-block-column is-layout-flow wp-block-column-is-layout-flow\">\n<h2 class=\"wp-block-heading is-style-underline-headline\">MPR<strong> China Certification<\/strong><\/h2>\n\n\n\n<figure class=\"wp-block-image size-full\"><img loading=\"lazy\" decoding=\"async\" width=\"612\" height=\"341\" src=\"https:\/\/www.certification-india.com\/wp-content\/uploads\/teas_cn.jpg\" alt=\"\" class=\"wp-image-20974\" srcset=\"https:\/\/www.certification-india.com\/wp-content\/uploads\/teas_cn.jpg 612w, https:\/\/www.certification-india.com\/wp-content\/uploads\/teas_cn-300x167.jpg 300w\" sizes=\"auto, (max-width: 612px) 100vw, 612px\" \/><\/figure>\n\n\n\n<h3 class=\"wp-block-heading\"><strong>Commercio mondiale con la Cina<\/strong><\/h3>\n\n\n\n<p>Con i suoi 1,4 miliardi di abitanti, la <strong>Cina <\/strong>\u00e8 uno dei mercati di vendita pi\u00f9 importanti a livello mondiale. Tuttavia, l&#8217;accesso a questo mercato pu\u00f2 presentare sfide a causa delle rigide normative di certificazione.<\/p>\n\n\n\n<p class=\"is-style-see-more\"><a href=\"https:\/\/www.china-certification.com\/en\/\">Ulteriori informazioni&#8230;<\/a><\/p>\n<\/div>\n\n\n\n<div class=\"wp-block-column is-layout-flow wp-block-column-is-layout-flow\">\n<h2 class=\"wp-block-heading is-style-underline-headline\">MPR <strong>Korea Certification<\/strong><\/h2>\n\n\n\n<figure class=\"wp-block-image size-full\"><img loading=\"lazy\" decoding=\"async\" width=\"612\" height=\"344\" src=\"https:\/\/www.certification-india.com\/wp-content\/uploads\/Koreanischer-Markt.png\" alt=\"\" class=\"wp-image-74\" srcset=\"https:\/\/www.certification-india.com\/wp-content\/uploads\/Koreanischer-Markt.png 612w, https:\/\/www.certification-india.com\/wp-content\/uploads\/Koreanischer-Markt-300x169.png 300w\" sizes=\"auto, (max-width: 612px) 100vw, 612px\" \/><\/figure>\n\n\n\n<h3 class=\"wp-block-heading\"><strong><strong><strong>Esportazione in Corea del Sud rigorosamente monitorata<\/strong><\/strong><\/strong><\/h3>\n\n\n\n<p>L&#8217;ingresso nel mercato nella <strong>Repubblica di Corea <\/strong>rappresenta una grande opportunit\u00e0 per le aziende internazionali a causa del grande potenziale di mercato. Tuttavia, le complicate normative associate e le rigorose misure di controllo possono rendere difficile l&#8217;accesso al mercato.<\/p>\n\n\n\n<p><a href=\"https:\/\/www.korea-certification.com\/en\/\">Ulteriori informazioni&#8230;<\/a><\/p>\n<\/div>\n<\/div>\n\n\n\r\n<section class=\"mpr-theme-teaser-video\">\r\n    <h2 class=\"is-style-border-left-headline\">MPR <strong>Videos<\/strong><\/h2>\r\n    <div class=\"mpr-theme-teaser-video-content-container\">\r\n                    <div class=\"teaser-video-image\">\r\n                <a href=\"https:\/\/www.youtube.com\/watch?v=MYmsCyHcOVM\"><img decoding=\"async\" src=\"https:\/\/www.certification-india.com\/wp-content\/uploads\/CCC-EN-2.png\"><\/a>\r\n                <div class=\"teaser-video-subline\">\r\n                    <p>Presentazione dell&#8217;azienda<\/p>\r\n                <\/div>\r\n            <\/div>\r\n                    <div class=\"teaser-video-image\">\r\n                <a href=\"https:\/\/www.youtube.com\/watch?v=wv5_ELMBwNg\"><img decoding=\"async\" src=\"https:\/\/www.certification-india.com\/wp-content\/uploads\/CCC-DE-2.png\"><\/a>\r\n                <div class=\"teaser-video-subline\">\r\n                    <p>Certificazione BIS per l&#8217;India<\/p>\r\n                <\/div>\r\n            <\/div>\r\n                    <div class=\"teaser-video-image\">\r\n                <a href=\"https:\/\/www.youtube.com\/watch?v=mAhH27Eku3Y\"><img decoding=\"async\" src=\"https:\/\/www.certification-india.com\/wp-content\/uploads\/VSCC-DE-2.png\"><\/a>\r\n                <div class=\"teaser-video-subline\">\r\n                    <p>Certificazione PESO per prodotti antideflagranti<\/p>\r\n                <\/div>\r\n            <\/div>\r\n                    <div class=\"teaser-video-image\">\r\n                <a href=\"https:\/\/www.youtube.com\/watch?v=LnksgBQmpQ0\"><img decoding=\"async\" src=\"https:\/\/www.certification-india.com\/wp-content\/uploads\/Firmenvorstellung-EN-2.png\"><\/a>\r\n                <div class=\"teaser-video-subline\">\r\n                    <p>Certificazione AIS per i prodotti automobilistici<\/p>\r\n                <\/div>\r\n            <\/div>\r\n            <\/div>\r\n\r\n    <div class=\"mpr-theme-teaser-video-more\">\r\n        <a class=\"video-button\" href=\"https:\/\/www.certification-india.com\/it\/il-canale-video\/\"\r\n           target=\"_blank\">Altri video<\/a>\r\n    <\/div>\r\n\r\n<\/section>\n\n\n<h2 class=\"wp-block-heading is-style-border-left-headline\">MPR <strong>News<\/strong><\/h2>\n\n\n<section class=\"mpr-news-slider\">\r\n    <\/section>\r\n\r\n\n\n<section class=\"mpr-theme-teaser-service\">\r\n    <div class=\"mpr-theme-teaser-service-content-container\">\r\n                    <div class=\"mpr-theme-teaser-service-content\"><a href=\"https:\/\/www.certification-india.com\/it\/il-canale-video\/\">\r\n                    <div class=\"mpr-theme-teaser-service-content-container-headline\">\r\n                        <span class=\"mpr-theme-teaser-service-headline\">Video<\/span>\r\n                    <\/div>\r\n\r\n                    <div class=\"mpr-theme-teaser-service-content-container-subline\">\r\n                        <span class=\"mpr-theme-teaser-service-subline\">Tutti i video<\/span><br>\r\n                        <span class=\"mpr-theme-teaser-service-subline-2\">Canale MPR<\/span>\r\n                    <\/div>\r\n\r\n                    <div class=\"mpr-theme-teaser-service-content-container-icon\">\r\n                        <img decoding=\"async\" class=\"icon\" src=\"https:\/\/www.certification-india.com\/wp-content\/uploads\/teaser-service-play-button.png\" alt=\"\">\r\n                    <\/div>\r\n                <\/a><\/div>\r\n                    <div class=\"mpr-theme-teaser-service-content\"><a href=\"https:\/\/www.certification-india.com\/it\/scarica-gli-opuscoli-informativi\/\">\r\n                    <div class=\"mpr-theme-teaser-service-content-container-headline\">\r\n                        <span class=\"mpr-theme-teaser-service-headline\">Opuscolo<\/span>\r\n                    <\/div>\r\n\r\n                    <div class=\"mpr-theme-teaser-service-content-container-subline\">\r\n                        <span class=\"mpr-theme-teaser-service-subline\">Gratuito<\/span><br>\r\n                        <span class=\"mpr-theme-teaser-service-subline-2\">Downloads<\/span>\r\n                    <\/div>\r\n\r\n                    <div class=\"mpr-theme-teaser-service-content-container-icon\">\r\n                        <img decoding=\"async\" class=\"icon\" src=\"https:\/\/www.certification-india.com\/wp-content\/uploads\/teaser-service-download-icon.png\" alt=\"\">\r\n                    <\/div>\r\n                <\/a><\/div>\r\n                    <div class=\"mpr-theme-teaser-service-content\"><a href=\"https:\/\/www.certification-india.com\/it\/media-e-pubblicazioni\/\">\r\n                    <div class=\"mpr-theme-teaser-service-content-container-headline\">\r\n                        <span class=\"mpr-theme-teaser-service-headline\">Media &#038; Pubblicazioni<\/span>\r\n                    <\/div>\r\n\r\n                    <div class=\"mpr-theme-teaser-service-content-container-subline\">\r\n                        <span class=\"mpr-theme-teaser-service-subline\">Pubblicazioni<\/span><br>\r\n                        <span class=\"mpr-theme-teaser-service-subline-2\"><\/span>\r\n                    <\/div>\r\n\r\n                    <div class=\"mpr-theme-teaser-service-content-container-icon\">\r\n                        <img decoding=\"async\" class=\"icon\" src=\"https:\/\/www.certification-india.com\/wp-content\/uploads\/teaser-service-publications.png\" alt=\"\">\r\n                    <\/div>\r\n                <\/a><\/div>\r\n                    <div class=\"mpr-theme-teaser-service-content\"><a href=\"https:\/\/www.certification-india.com\/it\/contact\">\r\n                    <div class=\"mpr-theme-teaser-service-content-container-headline\">\r\n                        <span class=\"mpr-theme-teaser-service-headline\">Contatto<\/span>\r\n                    <\/div>\r\n\r\n                    <div class=\"mpr-theme-teaser-service-content-container-subline\">\r\n                        <span class=\"mpr-theme-teaser-service-subline\">T+ 49-69-2713769261<\/span><br>\r\n                        <span class=\"mpr-theme-teaser-service-subline-2\">Invia e-mail<\/span>\r\n                    <\/div>\r\n\r\n                    <div class=\"mpr-theme-teaser-service-content-container-icon\">\r\n                        <img decoding=\"async\" class=\"icon\" src=\"https:\/\/www.certification-india.com\/wp-content\/uploads\/teaser-service-contact-icon.png\" alt=\"\">\r\n                    <\/div>\r\n                <\/a><\/div>\r\n            <\/div>\r\n\r\n<\/section>\r\n","protected":false},"excerpt":{"rendered":"<p>your one-stop certification solution! MPR Overview MPR China Certification Commercio mondiale con la Cina Con i suoi 1,4 miliardi di abitanti, la Cina \u00e8 uno dei mercati di vendita pi\u00f9 importanti a livello mondiale. Tuttavia, l&#8217;accesso a questo mercato pu\u00f2 presentare sfide a causa delle rigide normative di certificazione. Ulteriori informazioni&#8230; MPR Korea Certification Esportazione [&hellip;]<\/p>\n","protected":false},"author":3,"featured_media":19579,"parent":0,"menu_order":0,"comment_status":"closed","ping_status":"closed","template":"page-home.php","meta":{"_acf_changed":false,"inline_featured_image":false,"footnotes":""},"class_list":["post-11183","page","type-page","status-publish","has-post-thumbnail","hentry"],"acf":[],"yoast_head":"<!-- This site is optimized with the Yoast SEO plugin v27.4 - https:\/\/yoast.com\/product\/yoast-seo-wordpress\/ -->\n<title>MPR India Certification - Homepage<\/title>\n<meta name=\"description\" content=\"Offriamo consulenza e implementazione di progetti di certificazione per i mercati di India, Taiwan, Corea e Cina.\" \/>\n<meta name=\"robots\" content=\"index, follow, max-snippet:-1, max-image-preview:large, max-video-preview:-1\" \/>\n<link rel=\"canonical\" href=\"https:\/\/www.certification-india.com\/it\/\" \/>\n<meta property=\"og:locale\" content=\"it_IT\" \/>\n<meta property=\"og:type\" content=\"article\" \/>\n<meta property=\"og:title\" content=\"MPR India Certification - Homepage\" \/>\n<meta property=\"og:description\" content=\"Offriamo consulenza e implementazione di progetti di certificazione per i mercati di India, Taiwan, Corea e Cina.\" \/>\n<meta property=\"og:url\" content=\"https:\/\/www.certification-india.com\/it\/\" \/>\n<meta property=\"og:site_name\" content=\"MPR India Certification\" \/>\n<meta property=\"article:modified_time\" content=\"2024-08-29T15:32:39+00:00\" \/>\n<meta property=\"og:image\" content=\"https:\/\/www.certification-india.com\/wp-content\/uploads\/visual_india.png\" \/>\n\t<meta property=\"og:image:width\" content=\"1920\" \/>\n\t<meta property=\"og:image:height\" content=\"566\" \/>\n\t<meta property=\"og:image:type\" content=\"image\/png\" \/>\n<meta name=\"twitter:card\" content=\"summary_large_image\" \/>\n<meta name=\"twitter:label1\" content=\"Tempo di lettura stimato\" \/>\n\t<meta name=\"twitter:data1\" content=\"2 minuti\" \/>\n<script type=\"application\/ld+json\" class=\"yoast-schema-graph\">{\"@context\":\"https:\\\/\\\/schema.org\",\"@graph\":[{\"@type\":\"WebPage\",\"@id\":\"https:\\\/\\\/www.certification-india.com\\\/it\\\/\",\"url\":\"https:\\\/\\\/www.certification-india.com\\\/it\\\/\",\"name\":\"MPR India Certification - Homepage\",\"isPartOf\":{\"@id\":\"https:\\\/\\\/www.certification-india.com\\\/it\\\/#website\"},\"primaryImageOfPage\":{\"@id\":\"https:\\\/\\\/www.certification-india.com\\\/it\\\/#primaryimage\"},\"image\":{\"@id\":\"https:\\\/\\\/www.certification-india.com\\\/it\\\/#primaryimage\"},\"thumbnailUrl\":\"https:\\\/\\\/www.certification-india.com\\\/wp-content\\\/uploads\\\/visual_india.png\",\"datePublished\":\"2022-04-25T05:35:54+00:00\",\"dateModified\":\"2024-08-29T15:32:39+00:00\",\"description\":\"Offriamo consulenza e implementazione di progetti di certificazione per i mercati di India, Taiwan, Corea e Cina.\",\"breadcrumb\":{\"@id\":\"https:\\\/\\\/www.certification-india.com\\\/it\\\/#breadcrumb\"},\"inLanguage\":\"it-IT\",\"potentialAction\":[{\"@type\":\"ReadAction\",\"target\":[\"https:\\\/\\\/www.certification-india.com\\\/it\\\/\"]}]},{\"@type\":\"ImageObject\",\"inLanguage\":\"it-IT\",\"@id\":\"https:\\\/\\\/www.certification-india.com\\\/it\\\/#primaryimage\",\"url\":\"https:\\\/\\\/www.certification-india.com\\\/wp-content\\\/uploads\\\/visual_india.png\",\"contentUrl\":\"https:\\\/\\\/www.certification-india.com\\\/wp-content\\\/uploads\\\/visual_india.png\",\"width\":1920,\"height\":566},{\"@type\":\"BreadcrumbList\",\"@id\":\"https:\\\/\\\/www.certification-india.com\\\/it\\\/#breadcrumb\",\"itemListElement\":[{\"@type\":\"ListItem\",\"position\":1,\"name\":\"Startseite\",\"item\":\"https:\\\/\\\/www.certification-india.com\\\/it\\\/\"},{\"@type\":\"ListItem\",\"position\":2,\"name\":\"Start &#8211; IT\"}]},{\"@type\":\"WebSite\",\"@id\":\"https:\\\/\\\/www.certification-india.com\\\/it\\\/#website\",\"url\":\"https:\\\/\\\/www.certification-india.com\\\/it\\\/\",\"name\":\"MPR India Certification\",\"description\":\"Ihr Experte f\u00fcr Indien-Zertifizierungen\",\"potentialAction\":[{\"@type\":\"SearchAction\",\"target\":{\"@type\":\"EntryPoint\",\"urlTemplate\":\"https:\\\/\\\/www.certification-india.com\\\/it\\\/?s={search_term_string}\"},\"query-input\":{\"@type\":\"PropertyValueSpecification\",\"valueRequired\":true,\"valueName\":\"search_term_string\"}}],\"inLanguage\":\"it-IT\"}]}<\/script>\n<!-- \/ Yoast SEO plugin. -->","yoast_head_json":{"title":"MPR India Certification - Homepage","description":"Offriamo consulenza e implementazione di progetti di certificazione per i mercati di India, Taiwan, Corea e Cina.","robots":{"index":"index","follow":"follow","max-snippet":"max-snippet:-1","max-image-preview":"max-image-preview:large","max-video-preview":"max-video-preview:-1"},"canonical":"https:\/\/www.certification-india.com\/it\/","og_locale":"it_IT","og_type":"article","og_title":"MPR India Certification - Homepage","og_description":"Offriamo consulenza e implementazione di progetti di certificazione per i mercati di India, Taiwan, Corea e Cina.","og_url":"https:\/\/www.certification-india.com\/it\/","og_site_name":"MPR India Certification","article_modified_time":"2024-08-29T15:32:39+00:00","og_image":[{"width":1920,"height":566,"url":"https:\/\/www.certification-india.com\/wp-content\/uploads\/visual_india.png","type":"image\/png"}],"twitter_card":"summary_large_image","twitter_misc":{"Tempo di lettura stimato":"2 minuti"},"schema":{"@context":"https:\/\/schema.org","@graph":[{"@type":"WebPage","@id":"https:\/\/www.certification-india.com\/it\/","url":"https:\/\/www.certification-india.com\/it\/","name":"MPR India Certification - Homepage","isPartOf":{"@id":"https:\/\/www.certification-india.com\/it\/#website"},"primaryImageOfPage":{"@id":"https:\/\/www.certification-india.com\/it\/#primaryimage"},"image":{"@id":"https:\/\/www.certification-india.com\/it\/#primaryimage"},"thumbnailUrl":"https:\/\/www.certification-india.com\/wp-content\/uploads\/visual_india.png","datePublished":"2022-04-25T05:35:54+00:00","dateModified":"2024-08-29T15:32:39+00:00","description":"Offriamo consulenza e implementazione di progetti di certificazione per i mercati di India, Taiwan, Corea e Cina.","breadcrumb":{"@id":"https:\/\/www.certification-india.com\/it\/#breadcrumb"},"inLanguage":"it-IT","potentialAction":[{"@type":"ReadAction","target":["https:\/\/www.certification-india.com\/it\/"]}]},{"@type":"ImageObject","inLanguage":"it-IT","@id":"https:\/\/www.certification-india.com\/it\/#primaryimage","url":"https:\/\/www.certification-india.com\/wp-content\/uploads\/visual_india.png","contentUrl":"https:\/\/www.certification-india.com\/wp-content\/uploads\/visual_india.png","width":1920,"height":566},{"@type":"BreadcrumbList","@id":"https:\/\/www.certification-india.com\/it\/#breadcrumb","itemListElement":[{"@type":"ListItem","position":1,"name":"Startseite","item":"https:\/\/www.certification-india.com\/it\/"},{"@type":"ListItem","position":2,"name":"Start &#8211; IT"}]},{"@type":"WebSite","@id":"https:\/\/www.certification-india.com\/it\/#website","url":"https:\/\/www.certification-india.com\/it\/","name":"MPR India Certification","description":"Ihr Experte f\u00fcr Indien-Zertifizierungen","potentialAction":[{"@type":"SearchAction","target":{"@type":"EntryPoint","urlTemplate":"https:\/\/www.certification-india.com\/it\/?s={search_term_string}"},"query-input":{"@type":"PropertyValueSpecification","valueRequired":true,"valueName":"search_term_string"}}],"inLanguage":"it-IT"}]}},"_links":{"self":[{"href":"https:\/\/www.certification-india.com\/it\/wp-json\/wp\/v2\/pages\/11183","targetHints":{"allow":["GET"]}}],"collection":[{"href":"https:\/\/www.certification-india.com\/it\/wp-json\/wp\/v2\/pages"}],"about":[{"href":"https:\/\/www.certification-india.com\/it\/wp-json\/wp\/v2\/types\/page"}],"author":[{"embeddable":true,"href":"https:\/\/www.certification-india.com\/it\/wp-json\/wp\/v2\/users\/3"}],"replies":[{"embeddable":true,"href":"https:\/\/www.certification-india.com\/it\/wp-json\/wp\/v2\/comments?post=11183"}],"version-history":[{"count":57,"href":"https:\/\/www.certification-india.com\/it\/wp-json\/wp\/v2\/pages\/11183\/revisions"}],"predecessor-version":[{"id":29199,"href":"https:\/\/www.certification-india.com\/it\/wp-json\/wp\/v2\/pages\/11183\/revisions\/29199"}],"wp:featuredmedia":[{"embeddable":true,"href":"https:\/\/www.certification-india.com\/it\/wp-json\/wp\/v2\/media\/19579"}],"wp:attachment":[{"href":"https:\/\/www.certification-india.com\/it\/wp-json\/wp\/v2\/media?parent=11183"}],"curies":[{"name":"wp","href":"https:\/\/api.w.org\/{rel}","templated":true}]}}