{"id":27111,"date":"2023-04-13T18:00:16","date_gmt":"2023-04-13T16:00:16","guid":{"rendered":"https:\/\/www.certification-india.com\/?page_id=27111"},"modified":"2023-11-13T15:47:22","modified_gmt":"2023-11-13T14:47:22","slug":"ais-zorunlu-urunler","status":"publish","type":"page","link":"https:\/\/www.certification-india.com\/tr\/ais-zorunlu-urunler\/","title":{"rendered":"AIS relevant products &#8211; TR"},"content":{"rendered":"\n<h4 class=\"wp-block-heading is-style-header-headline-white\">your one-stop certification <strong>solution!<\/strong><\/h4>\n\n\n\n<h1 class=\"wp-block-heading is-style-h1-headline-content\">AIS Zorunlu \u00dcr\u00fcnler<\/h1>\n\n\n\n<p>AIS sertifikasyonu otomotiv bile\u015fenlerinin g\u00fcvenlik gereksinimlerini do\u011frular ve Hindistan&#8217;da \u00e7ok say\u0131da ara\u00e7 par\u00e7as\u0131 i\u00e7in zorunludur. Hindistan&#8217;da <strong>AIS sertifikasyonu \/ TAC sertifikasyonu<\/strong> program\u0131 \u00fc\u00e7 a\u015famada uygulanm\u0131\u015ft\u0131r ve halen d\u00fczenli olarak eklenen \u00fcr\u00fcnlerle geni\u015fletilmektedir.<\/p>\n\n\n\n<p>AIS sertifikasyonu hakk\u0131nda daha fazla genel bilgi i\u00e7in l\u00fctfen \u00fccretsiz <strong>AIS Sertifikasyon bilgi kitap\u00e7\u0131\u011f\u0131m\u0131z\u0131<\/strong> okuyun.<\/p>\n\n\n\n<p><strong>A\u015fa\u011f\u0131daki bile\u015fenler \u015fu anda AIS sertifikasyonuna tabidir. Ancak, baz\u0131 <\/strong>otomotiv \u00fcr\u00fcnleri AIS-TAC<strong> yerine <\/strong>BIS sertifikas\u0131<strong> gerektirmektedir.<\/strong><\/p>\n\n\n<div id=\"tablepress-33-scroll-wrapper\" class=\"tablepress-scroll-wrapper\">\n\n<table id=\"tablepress-33\" class=\"tablepress tablepress-id-33 tablepress-responsive\">\n<tbody class=\"row-striping row-hover\">\n<tr class=\"row-1\">\n\t<td class=\"column-1\">Safety glass<\/td><td class=\"column-2\">Technical standard IS 2553, BIS-ISI Certification*<\/td>\n<\/tr>\n<tr class=\"row-2\">\n\t<td class=\"column-1\">Brake hoses<\/td><td class=\"column-2\">Technical standard IS 7079, BIS-ISI Certification**<\/td>\n<\/tr>\n<tr class=\"row-3\">\n\t<td class=\"column-1\">Horn<\/td><td class=\"column-2\">Technical standard IS 1884, BIS-ISI Certification**<\/td>\n<\/tr>\n<tr class=\"row-4\">\n\t<td class=\"column-1\">Tires<\/td><td class=\"column-2\">Technical standard AIS 142,<br \/>\nTechnical standard IS 13154, BIS-ISI Certification*<\/td>\n<\/tr>\n<tr class=\"row-5\">\n\t<td class=\"column-1\">CNG pressure regulator<\/td><td class=\"column-2\">Technical standard ISO 15500<\/td>\n<\/tr>\n<tr class=\"row-6\">\n\t<td class=\"column-1\">LPG vaporizer &amp; pressure regulator<\/td><td class=\"column-2\">Technical standard ECE R 67<\/td>\n<\/tr>\n<tr class=\"row-7\">\n\t<td class=\"column-1\">Luminaires (M\/N Category)<\/td><td class=\"column-2\">Technical standard AIS 034<\/td>\n<\/tr>\n<tr class=\"row-8\">\n\t<td class=\"column-1\">Mirrors (M\/N\/L Category)<\/td><td class=\"column-2\">Technical standard AIS 001<\/td>\n<\/tr>\n<tr class=\"row-9\">\n\t<td class=\"column-1\">Seat belts <\/td><td class=\"column-2\">Technical standard IS 15142, BIS-ISI Certification**<\/td>\n<\/tr>\n<tr class=\"row-10\">\n\t<td class=\"column-1\">Wheel rims (M\/N Category)<\/td><td class=\"column-2\">Technical standard IS 9436\/IS 9438, BIS-ISI Certification*<\/td>\n<\/tr>\n<tr class=\"row-11\">\n\t<td class=\"column-1\">Fog light (M\/N Category)<\/td><td class=\"column-2\">Technical standard AIS 012<\/td>\n<\/tr>\n<tr class=\"row-12\">\n\t<td class=\"column-1\">Rear Fog Lights (M\/N Category)<\/td><td class=\"column-2\">Technical standard AIS-012 (Part 1) <\/td>\n<\/tr>\n<tr class=\"row-13\">\n\t<td class=\"column-1\">Function Lights (Stop) (M\/N Category)<\/td><td class=\"column-2\">Technical standard AIS-012 (Part 2) <\/td>\n<\/tr>\n<tr class=\"row-14\">\n\t<td class=\"column-1\">Function Lights (Reverse) (M\/N Category)<\/td><td class=\"column-2\">Technical standard AIS-012 (Part 6) <\/td>\n<\/tr>\n<tr class=\"row-15\">\n\t<td class=\"column-1\">Function Lights (Parking) (M\/N Category)<\/td><td class=\"column-2\">Technical standard AIS-012 (Part 7) <\/td>\n<\/tr>\n<tr class=\"row-16\">\n\t<td class=\"column-1\">Side Marker Lights (M\/N Category) <\/td><td class=\"column-2\">Technical standard AIS-012 (Part 8)<\/td>\n<\/tr>\n<tr class=\"row-17\">\n\t<td class=\"column-1\">Direction Indicator (M\/N Category)<\/td><td class=\"column-2\">Technical standard AIS-012 (Part 9)<\/td>\n<\/tr>\n<tr class=\"row-18\">\n\t<td class=\"column-1\">Licence Plate Lights (M\/N Category)<\/td><td class=\"column-2\">Technical standard AIS-012 (Part 5)<\/td>\n<\/tr>\n<tr class=\"row-19\">\n\t<td class=\"column-1\">Daytime Driving Lights (M\/N Category)<\/td><td class=\"column-2\">Technical standard AIS-012 (Part 4)<\/td>\n<\/tr>\n<tr class=\"row-20\">\n\t<td class=\"column-1\">Bending Lights (M\/N Category)<\/td><td class=\"column-2\">Technical standard AIS-012 (Part 10)<\/td>\n<\/tr>\n<tr class=\"row-21\">\n\t<td class=\"column-1\">Reflectors (M\/N Category)<\/td><td class=\"column-2\">Technical standard AIS 057<\/td>\n<\/tr>\n<tr class=\"row-22\">\n\t<td class=\"column-1\">Warning triangle<\/td><td class=\"column-2\">Technical standard AIS 022<\/td>\n<\/tr>\n<tr class=\"row-23\">\n\t<td class=\"column-1\">Light signaling device (L Category)<\/td><td class=\"column-2\">Technical standard AIS 010<\/td>\n<\/tr>\n<tr class=\"row-24\">\n\t<td class=\"column-1\">Reflectors (L Category)<\/td><td class=\"column-2\">Technical standard AIS 057<\/td>\n<\/tr>\n<tr class=\"row-25\">\n\t<td class=\"column-1\">Reflectors (tractors &amp; CEVs)<\/td><td class=\"column-2\">Technical standard AIS 057A<\/td>\n<\/tr>\n<tr class=\"row-26\">\n\t<td class=\"column-1\">Leuchten (tractors &amp; CEVs)<\/td><td class=\"column-2\">Technical standard AIS 030<\/td>\n<\/tr>\n<tr class=\"row-27\">\n\t<td class=\"column-1\">Door Locks\/Retention Components<\/td><td class=\"column-2\">Technical standard IS 14225, BIS-ISI Certification**<\/td>\n<\/tr>\n<tr class=\"row-28\">\n\t<td class=\"column-1\">Fuel Tanks<\/td><td class=\"column-2\">Technical standard IS 12056\/IS 15547, BIS-ISI Certification**<\/td>\n<\/tr>\n<tr class=\"row-29\">\n\t<td class=\"column-1\">Reflective foil<\/td><td class=\"column-2\">Technical standard AIS 090<\/td>\n<\/tr>\n<tr class=\"row-30\">\n\t<td class=\"column-1\">Rear warning triangles<\/td><td class=\"column-2\">Technical standard AIS 088<\/td>\n<\/tr>\n<tr class=\"row-31\">\n\t<td class=\"column-1\">LED- luminaires (exchangeable)<\/td><td class=\"column-2\">Technical standard AIS 130<\/td>\n<\/tr>\n<tr class=\"row-32\">\n\t<td class=\"column-1\">Wheel rims (L Category)<\/td><td class=\"column-2\">Technical standard AIS 073<\/td>\n<\/tr>\n<tr class=\"row-33\">\n\t<td class=\"column-1\">Rear license plate<\/td><td class=\"column-2\">Technical standard AIS 089<\/td>\n<\/tr>\n<tr class=\"row-34\">\n\t<td class=\"column-1\">Wiper blades<\/td><td class=\"column-2\">Technical standard IS 15802\/IS 15804, BIS-ISI Certification**<\/td>\n<\/tr>\n<tr class=\"row-35\">\n\t<td class=\"column-1\">Battery (lead acid)<\/td><td class=\"column-2\">Technical standard AIS 048<\/td>\n<\/tr>\n<tr class=\"row-36\">\n\t<td class=\"column-1\">Child seat<\/td><td class=\"column-2\">Technical standard AIS 072<\/td>\n<\/tr>\n<\/tbody>\n<\/table>\n\n<\/div><!-- #tablepress-33 from cache -->\n\n\n\n<div class=\"wp-block-columns has-background is-layout-flex wp-container-core-columns-is-layout-9d6595d7 wp-block-columns-is-layout-flex\" style=\"background-color:#ececec\">\n<div class=\"wp-block-column is-layout-flow wp-block-column-is-layout-flow\" style=\"flex-basis:100%\">\n<p>* BIS-ISI sertifikas\u0131 zorunludur<br>** BIS-ISI sertifikas\u0131 iste\u011fe ba\u011fl\u0131<\/p>\n<\/div>\n<\/div>\n\n\n<section class=\"mpr-theme-kontakt\">\r\n    <div class=\"mpr-theme-kontakt-inhalt\">\r\n        <h3>Bize ula\u015f\u0131n!<\/h3>\n<p><strong><img loading=\"lazy\" decoding=\"async\" class=\"size-full wp-image-20823 alignleft\" src=\"https:\/\/www.certification-india.com\/wp-content\/uploads\/Indien-Broschueren-Cover-Dummy-7.png\" alt=\"\" width=\"155\" height=\"139\" \/>MPR India Certification<\/strong> &#8211; uzman dan\u0131\u015fmanl\u0131k ve d\u00fcnya \u00e7ap\u0131nda sertifikasyon projelerinin uygulanmas\u0131.<\/p>\n<p><a href=\"https:\/\/certification-india.com\/en\/ais-certification-the-booklet\/\"><strong>\u00dccretsiz AIS Sertifikasyon kitap\u00e7\u0131\u011f\u0131n\u0131 indirin!<\/strong><\/a><\/p>\n    <\/div>\r\n    <div class=\"mpr-theme-kontakt-teaser\">\r\n        <div class=\"mpr-theme-kontakt-headline-container\">\r\n            <span class=\"mpr-theme-kontakt-headline\">\u0130leti\u015fim<\/span>\r\n        <\/div>\r\n\r\n        <div class=\"mpr-theme-kontakt-phone-container\">\r\n            <span class=\"mpr-theme-kontakt-phone\">T +49-69-2713769261 (EU)<\/span>\r\n        <\/div>\r\n\r\n        <div class=\"mpr-theme-kontakt-phone-container phone-2\">\r\n            <span class=\"mpr-theme-kontakt-phone\">T +1-773-654-2673 (US)<\/span>\r\n        <\/div>\r\n\r\n        <div class=\"mpr-theme-kontakt-mail-container\">\r\n            <a href=\"mailto:info@certification-india.com\"><span class=\"mpr-theme-kontakt-mail\">info@certification-india.com<\/span><\/a>\r\n        <\/div>\r\n    <\/div>\r\n<\/section>\n\n<section class=\"mpr-theme-other-topics\">\r\n    <div class=\"mpr-theme-teaser-other-topics-content-container\">\r\n                    <div class=\"mpr-theme-other-topics-content\" style=\"background: url('') no-repeat\"><a href=\"https:\/\/www.certification-india.com\/en\/bis\/what-is-bis\">\r\n                    <div class=\"mpr-theme-other-topics-content-background\">\r\n                        <div class=\"mpr-theme-other-topics-content-container-headline\">\r\n                            <span class=\"mpr-theme-other-topics-headline\">BIS Sertifikasyon<\/span>\r\n                        <\/div>\r\n                        <div class=\"mpr-theme-other-topics-content-container-subline\">\r\n                            <span class=\"mpr-theme-teaser-service-subline\">Daha fazlas\u0131n\u0131 okuyun&#8230;<\/span><br>\r\n                        <\/div>\r\n                    <\/div>\r\n                <\/a><\/div>\r\n                    <div class=\"mpr-theme-other-topics-content\" style=\"background: url('') no-repeat\"><a href=\"https:\/\/www.certification-india.com\/en\/ais\/what-is-ais\/\">\r\n                    <div class=\"mpr-theme-other-topics-content-background\">\r\n                        <div class=\"mpr-theme-other-topics-content-container-headline\">\r\n                            <span class=\"mpr-theme-other-topics-headline\">AIS Sertifikasyon<\/span>\r\n                        <\/div>\r\n                        <div class=\"mpr-theme-other-topics-content-container-subline\">\r\n                            <span class=\"mpr-theme-teaser-service-subline\">Daha fazlas\u0131n\u0131 okuyun&#8230;<\/span><br>\r\n                        <\/div>\r\n                    <\/div>\r\n                <\/a><\/div>\r\n                    <div class=\"mpr-theme-other-topics-content\" style=\"background: url('') no-repeat\"><a href=\"https:\/\/www.certification-india.com\/en\/tec\/what-is-tec\">\r\n                    <div class=\"mpr-theme-other-topics-content-background\">\r\n                        <div class=\"mpr-theme-other-topics-content-container-headline\">\r\n                            <span class=\"mpr-theme-other-topics-headline\">TEC Sertifikasyon<\/span>\r\n                        <\/div>\r\n                        <div class=\"mpr-theme-other-topics-content-container-subline\">\r\n                            <span class=\"mpr-theme-teaser-service-subline\">Daha fazlas\u0131n\u0131 okuyun&#8230;<\/span><br>\r\n                        <\/div>\r\n                    <\/div>\r\n                <\/a><\/div>\r\n                    <div class=\"mpr-theme-other-topics-content\" style=\"background: url('') no-repeat\"><a href=\"https:\/\/www.mpr-international.com\/en\">\r\n                    <div class=\"mpr-theme-other-topics-content-background\">\r\n                        <div class=\"mpr-theme-other-topics-content-container-headline\">\r\n                            <span class=\"mpr-theme-other-topics-headline\">\u00dclkeler<\/span>\r\n                        <\/div>\r\n                        <div class=\"mpr-theme-other-topics-content-container-subline\">\r\n                            <span class=\"mpr-theme-teaser-service-subline\">Daha fazlas\u0131n\u0131 okuyun&#8230;<\/span><br>\r\n                        <\/div>\r\n                    <\/div>\r\n                <\/a><\/div>\r\n            <\/div>\r\n\r\n<\/section>\r\n\n\n<section class=\"mpr-theme-teaser-service\">\r\n    <div class=\"mpr-theme-teaser-service-content-container\">\r\n                    <div class=\"mpr-theme-teaser-service-content\"><a href=\"https:\/\/www.certification-india.com\/tr\/video-kanali\/\">\r\n                    <div class=\"mpr-theme-teaser-service-content-container-headline\">\r\n                        <span class=\"mpr-theme-teaser-service-headline\">Videolar<\/span>\r\n                    <\/div>\r\n\r\n                    <div class=\"mpr-theme-teaser-service-content-container-subline\">\r\n                        <span class=\"mpr-theme-teaser-service-subline\">T\u00fcm Videolar <\/span><br>\r\n                        <span class=\"mpr-theme-teaser-service-subline-2\">MPR Channel<\/span>\r\n                    <\/div>\r\n\r\n                    <div class=\"mpr-theme-teaser-service-content-container-icon\">\r\n                        <img decoding=\"async\" class=\"icon\" src=\"https:\/\/www.certification-india.com\/wp-content\/uploads\/teaser-service-play-button.png\" alt=\"\">\r\n                    <\/div>\r\n                <\/a><\/div>\r\n                    <div class=\"mpr-theme-teaser-service-content\"><a href=\"https:\/\/www.certification-india.com\/tr\/bilgi-kitapciklarini-indirin\/\">\r\n                    <div class=\"mpr-theme-teaser-service-content-container-headline\">\r\n                        <span class=\"mpr-theme-teaser-service-headline\">Kitap\u00e7\u0131klar<\/span>\r\n                    <\/div>\r\n\r\n                    <div class=\"mpr-theme-teaser-service-content-container-subline\">\r\n                        <span class=\"mpr-theme-teaser-service-subline\">\u00dccretsiz <\/span><br>\r\n                        <span class=\"mpr-theme-teaser-service-subline-2\">\u0130ndirmeler<\/span>\r\n                    <\/div>\r\n\r\n                    <div class=\"mpr-theme-teaser-service-content-container-icon\">\r\n                        <img decoding=\"async\" class=\"icon\" src=\"https:\/\/www.certification-india.com\/wp-content\/uploads\/teaser-service-download-icon.png\" alt=\"\">\r\n                    <\/div>\r\n                <\/a><\/div>\r\n                    <div class=\"mpr-theme-teaser-service-content\"><a href=\"https:\/\/www.certification-india.com\/tr\/medya-ve-yayinlar\/\">\r\n                    <div class=\"mpr-theme-teaser-service-content-container-headline\">\r\n                        <span class=\"mpr-theme-teaser-service-headline\">Medya ve Yay\u0131nlar<\/span>\r\n                    <\/div>\r\n\r\n                    <div class=\"mpr-theme-teaser-service-content-container-subline\">\r\n                        <span class=\"mpr-theme-teaser-service-subline\">Yay\u0131nlar<\/span><br>\r\n                        <span class=\"mpr-theme-teaser-service-subline-2\"><\/span>\r\n                    <\/div>\r\n\r\n                    <div class=\"mpr-theme-teaser-service-content-container-icon\">\r\n                        <img decoding=\"async\" class=\"icon\" src=\"https:\/\/www.certification-india.com\/wp-content\/uploads\/teaser-service-publications.png\" alt=\"\">\r\n                    <\/div>\r\n                <\/a><\/div>\r\n                    <div class=\"mpr-theme-teaser-service-content\"><a href=\"https:\/\/www.certification-india.com\/tr\/company\/contact\/\">\r\n                    <div class=\"mpr-theme-teaser-service-content-container-headline\">\r\n                        <span class=\"mpr-theme-teaser-service-headline\">\u0130leti\u015fim<\/span>\r\n                    <\/div>\r\n\r\n                    <div class=\"mpr-theme-teaser-service-content-container-subline\">\r\n                        <span class=\"mpr-theme-teaser-service-subline\">T + 49-69-2713769261<\/span><br>\r\n                        <span class=\"mpr-theme-teaser-service-subline-2\">E-posta G\u00f6nder<\/span>\r\n                    <\/div>\r\n\r\n                    <div class=\"mpr-theme-teaser-service-content-container-icon\">\r\n                        <img decoding=\"async\" class=\"icon\" src=\"https:\/\/www.certification-india.com\/wp-content\/uploads\/teaser-service-contact-icon.png\" alt=\"\">\r\n                    <\/div>\r\n                <\/a><\/div>\r\n            <\/div>\r\n\r\n<\/section>\r\n","protected":false},"excerpt":{"rendered":"<p>your one-stop certification solution! AIS Zorunlu \u00dcr\u00fcnler AIS sertifikasyonu otomotiv bile\u015fenlerinin g\u00fcvenlik gereksinimlerini do\u011frular ve Hindistan&#8217;da \u00e7ok say\u0131da ara\u00e7 par\u00e7as\u0131 i\u00e7in zorunludur. Hindistan&#8217;da AIS sertifikasyonu \/ TAC sertifikasyonu program\u0131 \u00fc\u00e7 a\u015famada uygulanm\u0131\u015ft\u0131r ve halen d\u00fczenli olarak eklenen \u00fcr\u00fcnlerle geni\u015fletilmektedir. AIS sertifikasyonu hakk\u0131nda daha fazla genel bilgi i\u00e7in l\u00fctfen \u00fccretsiz AIS Sertifikasyon bilgi kitap\u00e7\u0131\u011f\u0131m\u0131z\u0131 okuyun. A\u015fa\u011f\u0131daki [&hellip;]<\/p>\n","protected":false},"author":3,"featured_media":26578,"parent":0,"menu_order":0,"comment_status":"closed","ping_status":"closed","template":"","meta":{"_acf_changed":false,"inline_featured_image":false,"footnotes":""},"class_list":["post-27111","page","type-page","status-publish","has-post-thumbnail","hentry"],"acf":[],"yoast_head":"<!-- This site is optimized with the Yoast SEO plugin v27.4 - https:\/\/yoast.com\/product\/yoast-seo-wordpress\/ -->\n<title>AIS Zorunlu \u00dcr\u00fcnler - MPR India Certification<\/title>\n<meta name=\"description\" content=\"Hindistan&#039;da ithalat ve kullan\u0131m i\u00e7in AIS sertifikasyonunun zorunlu oldu\u011fu \u00fcr\u00fcnlere genel bak\u0131\u015f.\" \/>\n<meta name=\"robots\" content=\"index, follow, max-snippet:-1, max-image-preview:large, max-video-preview:-1\" \/>\n<link rel=\"canonical\" href=\"https:\/\/www.certification-india.com\/tr\/ais-zorunlu-urunler\/\" \/>\n<meta property=\"og:locale\" content=\"tr_TR\" \/>\n<meta property=\"og:type\" content=\"article\" \/>\n<meta property=\"og:title\" content=\"AIS Zorunlu \u00dcr\u00fcnler - MPR India Certification\" \/>\n<meta property=\"og:description\" content=\"Hindistan&#039;da ithalat ve kullan\u0131m i\u00e7in AIS sertifikasyonunun zorunlu oldu\u011fu \u00fcr\u00fcnlere genel bak\u0131\u015f.\" \/>\n<meta property=\"og:url\" content=\"https:\/\/www.certification-india.com\/tr\/ais-zorunlu-urunler\/\" \/>\n<meta property=\"og:site_name\" content=\"MPR India Certification\" \/>\n<meta property=\"article:modified_time\" content=\"2023-11-13T14:47:22+00:00\" \/>\n<meta property=\"og:image\" content=\"https:\/\/www.certification-india.com\/wp-content\/uploads\/ais.jpg\" \/>\n\t<meta property=\"og:image:width\" content=\"1920\" \/>\n\t<meta property=\"og:image:height\" content=\"447\" \/>\n\t<meta property=\"og:image:type\" content=\"image\/jpeg\" \/>\n<meta name=\"twitter:card\" content=\"summary_large_image\" \/>\n<meta name=\"twitter:label1\" content=\"Tahmini okuma s\u00fcresi\" \/>\n\t<meta name=\"twitter:data1\" content=\"1 dakika\" \/>\n<script type=\"application\/ld+json\" class=\"yoast-schema-graph\">{\"@context\":\"https:\\\/\\\/schema.org\",\"@graph\":[{\"@type\":\"WebPage\",\"@id\":\"https:\\\/\\\/www.certification-india.com\\\/tr\\\/ais-zorunlu-urunler\\\/\",\"url\":\"https:\\\/\\\/www.certification-india.com\\\/tr\\\/ais-zorunlu-urunler\\\/\",\"name\":\"AIS Zorunlu \u00dcr\u00fcnler - MPR India Certification\",\"isPartOf\":{\"@id\":\"https:\\\/\\\/www.certification-india.com\\\/tr\\\/#website\"},\"primaryImageOfPage\":{\"@id\":\"https:\\\/\\\/www.certification-india.com\\\/tr\\\/ais-zorunlu-urunler\\\/#primaryimage\"},\"image\":{\"@id\":\"https:\\\/\\\/www.certification-india.com\\\/tr\\\/ais-zorunlu-urunler\\\/#primaryimage\"},\"thumbnailUrl\":\"https:\\\/\\\/www.certification-india.com\\\/wp-content\\\/uploads\\\/teaser-awards-small.png\",\"datePublished\":\"2023-04-13T16:00:16+00:00\",\"dateModified\":\"2023-11-13T14:47:22+00:00\",\"description\":\"Hindistan'da ithalat ve kullan\u0131m i\u00e7in AIS sertifikasyonunun zorunlu oldu\u011fu \u00fcr\u00fcnlere genel bak\u0131\u015f.\",\"breadcrumb\":{\"@id\":\"https:\\\/\\\/www.certification-india.com\\\/tr\\\/ais-zorunlu-urunler\\\/#breadcrumb\"},\"inLanguage\":\"tr\",\"potentialAction\":[{\"@type\":\"ReadAction\",\"target\":[\"https:\\\/\\\/www.certification-india.com\\\/tr\\\/ais-zorunlu-urunler\\\/\"]}]},{\"@type\":\"ImageObject\",\"inLanguage\":\"tr\",\"@id\":\"https:\\\/\\\/www.certification-india.com\\\/tr\\\/ais-zorunlu-urunler\\\/#primaryimage\",\"url\":\"https:\\\/\\\/www.certification-india.com\\\/wp-content\\\/uploads\\\/teaser-awards-small.png\",\"contentUrl\":\"https:\\\/\\\/www.certification-india.com\\\/wp-content\\\/uploads\\\/teaser-awards-small.png\",\"width\":1920,\"height\":404},{\"@type\":\"BreadcrumbList\",\"@id\":\"https:\\\/\\\/www.certification-india.com\\\/tr\\\/ais-zorunlu-urunler\\\/#breadcrumb\",\"itemListElement\":[{\"@type\":\"ListItem\",\"position\":1,\"name\":\"Startseite\",\"item\":\"https:\\\/\\\/www.certification-india.com\\\/tr\\\/\"},{\"@type\":\"ListItem\",\"position\":2,\"name\":\"AIS relevant products &#8211; TR\"}]},{\"@type\":\"WebSite\",\"@id\":\"https:\\\/\\\/www.certification-india.com\\\/tr\\\/#website\",\"url\":\"https:\\\/\\\/www.certification-india.com\\\/tr\\\/\",\"name\":\"MPR India Certification\",\"description\":\"Ihr Experte f\u00fcr Indien-Zertifizierungen\",\"potentialAction\":[{\"@type\":\"SearchAction\",\"target\":{\"@type\":\"EntryPoint\",\"urlTemplate\":\"https:\\\/\\\/www.certification-india.com\\\/tr\\\/?s={search_term_string}\"},\"query-input\":{\"@type\":\"PropertyValueSpecification\",\"valueRequired\":true,\"valueName\":\"search_term_string\"}}],\"inLanguage\":\"tr\"}]}<\/script>\n<!-- \/ Yoast SEO plugin. -->","yoast_head_json":{"title":"AIS Zorunlu \u00dcr\u00fcnler - MPR India Certification","description":"Hindistan'da ithalat ve kullan\u0131m i\u00e7in AIS sertifikasyonunun zorunlu oldu\u011fu \u00fcr\u00fcnlere genel bak\u0131\u015f.","robots":{"index":"index","follow":"follow","max-snippet":"max-snippet:-1","max-image-preview":"max-image-preview:large","max-video-preview":"max-video-preview:-1"},"canonical":"https:\/\/www.certification-india.com\/tr\/ais-zorunlu-urunler\/","og_locale":"tr_TR","og_type":"article","og_title":"AIS Zorunlu \u00dcr\u00fcnler - MPR India Certification","og_description":"Hindistan'da ithalat ve kullan\u0131m i\u00e7in AIS sertifikasyonunun zorunlu oldu\u011fu \u00fcr\u00fcnlere genel bak\u0131\u015f.","og_url":"https:\/\/www.certification-india.com\/tr\/ais-zorunlu-urunler\/","og_site_name":"MPR India Certification","article_modified_time":"2023-11-13T14:47:22+00:00","og_image":[{"width":1920,"height":447,"url":"https:\/\/www.certification-india.com\/wp-content\/uploads\/ais.jpg","type":"image\/jpeg"}],"twitter_card":"summary_large_image","twitter_misc":{"Tahmini okuma s\u00fcresi":"1 dakika"},"schema":{"@context":"https:\/\/schema.org","@graph":[{"@type":"WebPage","@id":"https:\/\/www.certification-india.com\/tr\/ais-zorunlu-urunler\/","url":"https:\/\/www.certification-india.com\/tr\/ais-zorunlu-urunler\/","name":"AIS Zorunlu \u00dcr\u00fcnler - MPR India Certification","isPartOf":{"@id":"https:\/\/www.certification-india.com\/tr\/#website"},"primaryImageOfPage":{"@id":"https:\/\/www.certification-india.com\/tr\/ais-zorunlu-urunler\/#primaryimage"},"image":{"@id":"https:\/\/www.certification-india.com\/tr\/ais-zorunlu-urunler\/#primaryimage"},"thumbnailUrl":"https:\/\/www.certification-india.com\/wp-content\/uploads\/teaser-awards-small.png","datePublished":"2023-04-13T16:00:16+00:00","dateModified":"2023-11-13T14:47:22+00:00","description":"Hindistan'da ithalat ve kullan\u0131m i\u00e7in AIS sertifikasyonunun zorunlu oldu\u011fu \u00fcr\u00fcnlere genel bak\u0131\u015f.","breadcrumb":{"@id":"https:\/\/www.certification-india.com\/tr\/ais-zorunlu-urunler\/#breadcrumb"},"inLanguage":"tr","potentialAction":[{"@type":"ReadAction","target":["https:\/\/www.certification-india.com\/tr\/ais-zorunlu-urunler\/"]}]},{"@type":"ImageObject","inLanguage":"tr","@id":"https:\/\/www.certification-india.com\/tr\/ais-zorunlu-urunler\/#primaryimage","url":"https:\/\/www.certification-india.com\/wp-content\/uploads\/teaser-awards-small.png","contentUrl":"https:\/\/www.certification-india.com\/wp-content\/uploads\/teaser-awards-small.png","width":1920,"height":404},{"@type":"BreadcrumbList","@id":"https:\/\/www.certification-india.com\/tr\/ais-zorunlu-urunler\/#breadcrumb","itemListElement":[{"@type":"ListItem","position":1,"name":"Startseite","item":"https:\/\/www.certification-india.com\/tr\/"},{"@type":"ListItem","position":2,"name":"AIS relevant products &#8211; TR"}]},{"@type":"WebSite","@id":"https:\/\/www.certification-india.com\/tr\/#website","url":"https:\/\/www.certification-india.com\/tr\/","name":"MPR India Certification","description":"Ihr Experte f\u00fcr Indien-Zertifizierungen","potentialAction":[{"@type":"SearchAction","target":{"@type":"EntryPoint","urlTemplate":"https:\/\/www.certification-india.com\/tr\/?s={search_term_string}"},"query-input":{"@type":"PropertyValueSpecification","valueRequired":true,"valueName":"search_term_string"}}],"inLanguage":"tr"}]}},"_links":{"self":[{"href":"https:\/\/www.certification-india.com\/tr\/wp-json\/wp\/v2\/pages\/27111","targetHints":{"allow":["GET"]}}],"collection":[{"href":"https:\/\/www.certification-india.com\/tr\/wp-json\/wp\/v2\/pages"}],"about":[{"href":"https:\/\/www.certification-india.com\/tr\/wp-json\/wp\/v2\/types\/page"}],"author":[{"embeddable":true,"href":"https:\/\/www.certification-india.com\/tr\/wp-json\/wp\/v2\/users\/3"}],"replies":[{"embeddable":true,"href":"https:\/\/www.certification-india.com\/tr\/wp-json\/wp\/v2\/comments?post=27111"}],"version-history":[{"count":6,"href":"https:\/\/www.certification-india.com\/tr\/wp-json\/wp\/v2\/pages\/27111\/revisions"}],"predecessor-version":[{"id":27117,"href":"https:\/\/www.certification-india.com\/tr\/wp-json\/wp\/v2\/pages\/27111\/revisions\/27117"}],"wp:featuredmedia":[{"embeddable":true,"href":"https:\/\/www.certification-india.com\/tr\/wp-json\/wp\/v2\/media\/26578"}],"wp:attachment":[{"href":"https:\/\/www.certification-india.com\/tr\/wp-json\/wp\/v2\/media?parent=27111"}],"curies":[{"name":"wp","href":"https:\/\/api.w.org\/{rel}","templated":true}]}}