{"id":27134,"date":"2023-04-21T10:11:33","date_gmt":"2023-04-21T08:11:33","guid":{"rendered":"https:\/\/www.certification-india.com\/?page_id=27134"},"modified":"2023-11-13T15:49:18","modified_gmt":"2023-11-13T14:49:18","slug":"tec-zorunlu-urunler","status":"publish","type":"page","link":"https:\/\/www.certification-india.com\/tr\/tec-zorunlu-urunler\/","title":{"rendered":"TEC Mandatory Products &#8211; TR"},"content":{"rendered":"\n<h4 class=\"wp-block-heading is-style-header-headline-white\">your one-stop certification <strong>solution!<\/strong><\/h4>\n\n\n\n<h1 class=\"wp-block-heading is-style-h1-headline-content\">TEC Zorunlu \u00dcr\u00fcnler<\/h1>\n\n\n\n<p>L\u00fctfen a\u015fa\u011f\u0131da <strong>TEC sertifikas\u0131<\/strong> gerektiren \u00fcr\u00fcnlerin bir listesini bulabilirsiniz.<\/p>\n\n\n\n<p><\/p>\n\n\n\n<div class=\"wp-block-columns is-layout-flex wp-container-core-columns-is-layout-9d6595d7 wp-block-columns-is-layout-flex\">\n<div class=\"wp-block-column has-background is-layout-flow wp-block-column-is-layout-flow\" style=\"background-color:#ececec\">\n<ul class=\"wp-block-list\">\n<li>Two-Wire Telephone<\/li>\n\n\n\n<li>Multi-Line Telephone Equipment and Other Conferencing Equipment<\/li>\n\n\n\n<li>Fax Machine<\/li>\n\n\n\n<li>Data Modem (Connectable on 2-wire Analog Line)<\/li>\n\n\n\n<li>Point of Sale (POS) Devices with or without Biometric Scanner (omission planned for 2022)<\/li>\n\n\n\n<li>Cordless Telephone<\/li>\n\n\n\n<li>PON Family of Broadband Equipment (ONT, ONU, OLT)<\/li>\n\n\n\n<li>Media Converter Equipment (Conversion Among E1, Wi-Fi, xDSL, Ethernet and Digital Interfaces)<\/li>\n\n\n\n<li>IoT Gateway<\/li>\n\n\n\n<li>Endpoint Device for Environmental Monitoring with Cellular Connectivity<\/li>\n\n\n\n<li>Feedback Devices (IoT) with Cellular Connectivity<\/li>\n\n\n\n<li>GPS Tracking Devices with Cellular Connectivity<\/li>\n\n\n\n<li>Smart Electricity Meter with Cellular Connectivity<\/li>\n\n\n\n<li>Smart Watch (omission planned for 2022)<\/li>\n\n\n\n<li>Smart Camera (omission planned for 2022)<\/li>\n\n\n\n<li>HF Radio Base Station and User Terminals<\/li>\n\n\n\n<li>Router<\/li>\n\n\n\n<li>LAN Switch<\/li>\n\n\n\n<li>Mobile Devices (Handsets, Tablets with SIM and Data Card, etc.) (omission planned for 2022)<\/li>\n\n\n\n<li>Mobile BTS<\/li>\n\n\n\n<li>Compact Cellular Network<\/li>\n\n\n\n<li>Repeater for Cellular Network<\/li>\n\n\n\n<li>Point-to-Point and Point-to-Multipoint Microwave Fixed Radio Systems<\/li>\n\n\n\n<li>VHF and UHF Radio Base Station and User Terminals<\/li>\n\n\n\n<li>Mobile Radio Trunking System Base Station and User Terminals<\/li>\n\n\n\n<li>Equipment Operating in 2.4 GHz and 5 GHz Frequency Bands<\/li>\n\n\n\n<li>Satellite Communication Systems<\/li>\n\n\n\n<li>IP Terminal<\/li>\n\n\n\n<li>Media Gateway<\/li>\n\n\n\n<li>Signalling Gateway<\/li>\n\n\n\n<li>Session Border Controller<\/li>\n\n\n\n<li>Soft Switch<\/li>\n\n\n\n<li>ISDN Customer Premises Equipment<\/li>\n\n\n\n<li>PABX<\/li>\n\n\n\n<li>Telephony Application Server<\/li>\n\n\n\n<li>Telephony Media Server<\/li>\n\n\n\n<li>Transmission Terminal Equipment (SDH Equipment, Multiplexing Equipment)<\/li>\n<\/ul>\n<\/div>\n<\/div>\n\n\n<section class=\"mpr-theme-kontakt\">\r\n    <div class=\"mpr-theme-kontakt-inhalt\">\r\n        <h3>Bize ula\u015f\u0131n!<\/h3>\n<p><strong><img loading=\"lazy\" decoding=\"async\" class=\"size-full wp-image-20823 alignleft\" src=\"https:\/\/www.certification-india.com\/wp-content\/uploads\/Indien-Broschueren-Cover-Dummy-7.png\" alt=\"\" width=\"155\" height=\"139\" \/>MPR India Certification<\/strong> &#8211; uzman dan\u0131\u015fmanl\u0131k ve d\u00fcnya \u00e7ap\u0131nda sertifikasyon projelerinin uygulanmas\u0131.<\/p>\n<p><a href=\"https:\/\/certification-india.com\/en\/tec-certification-the-booklet\/\"><strong>\u00dccretsiz TEC Sertifikasyon kitap\u00e7\u0131\u011f\u0131n\u0131 indirin!<\/strong><\/a><\/p>\n    <\/div>\r\n    <div class=\"mpr-theme-kontakt-teaser\">\r\n        <div class=\"mpr-theme-kontakt-headline-container\">\r\n            <span class=\"mpr-theme-kontakt-headline\">\u0130leti\u015fim<\/span>\r\n        <\/div>\r\n\r\n        <div class=\"mpr-theme-kontakt-phone-container\">\r\n            <span class=\"mpr-theme-kontakt-phone\">T +49-69-2713769261 (EU)<\/span>\r\n        <\/div>\r\n\r\n        <div class=\"mpr-theme-kontakt-phone-container phone-2\">\r\n            <span class=\"mpr-theme-kontakt-phone\">T +1-773-654-2673 (US)<\/span>\r\n        <\/div>\r\n\r\n        <div class=\"mpr-theme-kontakt-mail-container\">\r\n            <a href=\"mailto:info@certification-india.com\"><span class=\"mpr-theme-kontakt-mail\">info@certification-india.com<\/span><\/a>\r\n        <\/div>\r\n    <\/div>\r\n<\/section>\n\n<section class=\"mpr-theme-teaser-service\">\r\n    <div class=\"mpr-theme-teaser-service-content-container\">\r\n                    <div class=\"mpr-theme-teaser-service-content\"><a href=\"https:\/\/www.certification-india.com\/tr\/video-kanali\/\">\r\n                    <div class=\"mpr-theme-teaser-service-content-container-headline\">\r\n                        <span class=\"mpr-theme-teaser-service-headline\">Videolar<\/span>\r\n                    <\/div>\r\n\r\n                    <div class=\"mpr-theme-teaser-service-content-container-subline\">\r\n                        <span class=\"mpr-theme-teaser-service-subline\">T\u00fcm Videolar <\/span><br>\r\n                        <span class=\"mpr-theme-teaser-service-subline-2\">MPR Channel<\/span>\r\n                    <\/div>\r\n\r\n                    <div class=\"mpr-theme-teaser-service-content-container-icon\">\r\n                        <img decoding=\"async\" class=\"icon\" src=\"https:\/\/www.certification-india.com\/wp-content\/uploads\/teaser-service-play-button.png\" alt=\"\">\r\n                    <\/div>\r\n                <\/a><\/div>\r\n                    <div class=\"mpr-theme-teaser-service-content\"><a href=\"https:\/\/www.certification-india.com\/tr\/bilgi-kitapciklarini-indirin\/\">\r\n                    <div class=\"mpr-theme-teaser-service-content-container-headline\">\r\n                        <span class=\"mpr-theme-teaser-service-headline\">Kitap\u00e7\u0131klar<\/span>\r\n                    <\/div>\r\n\r\n                    <div class=\"mpr-theme-teaser-service-content-container-subline\">\r\n                        <span class=\"mpr-theme-teaser-service-subline\">\u00dccretsiz <\/span><br>\r\n                        <span class=\"mpr-theme-teaser-service-subline-2\">\u0130ndirmeler<\/span>\r\n                    <\/div>\r\n\r\n                    <div class=\"mpr-theme-teaser-service-content-container-icon\">\r\n                        <img decoding=\"async\" class=\"icon\" src=\"https:\/\/www.certification-india.com\/wp-content\/uploads\/teaser-service-download-icon.png\" alt=\"\">\r\n                    <\/div>\r\n                <\/a><\/div>\r\n                    <div class=\"mpr-theme-teaser-service-content\"><a href=\"https:\/\/www.certification-india.com\/tr\/medya-ve-yayinlar\/\">\r\n                    <div class=\"mpr-theme-teaser-service-content-container-headline\">\r\n                        <span class=\"mpr-theme-teaser-service-headline\">Medya ve Yay\u0131nlar<\/span>\r\n                    <\/div>\r\n\r\n                    <div class=\"mpr-theme-teaser-service-content-container-subline\">\r\n                        <span class=\"mpr-theme-teaser-service-subline\">Yay\u0131nlar<\/span><br>\r\n                        <span class=\"mpr-theme-teaser-service-subline-2\"><\/span>\r\n                    <\/div>\r\n\r\n                    <div class=\"mpr-theme-teaser-service-content-container-icon\">\r\n                        <img decoding=\"async\" class=\"icon\" src=\"https:\/\/www.certification-india.com\/wp-content\/uploads\/teaser-service-publications.png\" alt=\"\">\r\n                    <\/div>\r\n                <\/a><\/div>\r\n                    <div class=\"mpr-theme-teaser-service-content\"><a href=\"https:\/\/www.certification-india.com\/tr\/company\/contact\/\">\r\n                    <div class=\"mpr-theme-teaser-service-content-container-headline\">\r\n                        <span class=\"mpr-theme-teaser-service-headline\">\u0130leti\u015fim<\/span>\r\n                    <\/div>\r\n\r\n                    <div class=\"mpr-theme-teaser-service-content-container-subline\">\r\n                        <span class=\"mpr-theme-teaser-service-subline\">T + 49-69-2713769261<\/span><br>\r\n                        <span class=\"mpr-theme-teaser-service-subline-2\">E-posta G\u00f6nder<\/span>\r\n                    <\/div>\r\n\r\n                    <div class=\"mpr-theme-teaser-service-content-container-icon\">\r\n                        <img decoding=\"async\" class=\"icon\" src=\"https:\/\/www.certification-india.com\/wp-content\/uploads\/teaser-service-contact-icon.png\" alt=\"\">\r\n                    <\/div>\r\n                <\/a><\/div>\r\n            <\/div>\r\n\r\n<\/section>\r\n","protected":false},"excerpt":{"rendered":"<p>your one-stop certification solution! TEC Zorunlu \u00dcr\u00fcnler L\u00fctfen a\u015fa\u011f\u0131da TEC sertifikas\u0131 gerektiren \u00fcr\u00fcnlerin bir listesini bulabilirsiniz.<\/p>\n","protected":false},"author":3,"featured_media":20318,"parent":0,"menu_order":0,"comment_status":"closed","ping_status":"closed","template":"","meta":{"_acf_changed":false,"inline_featured_image":false,"footnotes":""},"class_list":["post-27134","page","type-page","status-publish","has-post-thumbnail","hentry"],"acf":[],"yoast_head":"<!-- This site is optimized with the Yoast SEO plugin v27.4 - https:\/\/yoast.com\/product\/yoast-seo-wordpress\/ -->\n<title>TEC Zorunlu \u00dcr\u00fcnler - MPR India Certification<\/title>\n<meta name=\"description\" content=\"Hindistan i\u00e7in TEC sertifikasyonunun zorunlu oldu\u011fu telekom\u00fcnikasyon \u00fcr\u00fcnlerine genel bak\u0131\u015f.\" \/>\n<meta name=\"robots\" content=\"index, follow, max-snippet:-1, max-image-preview:large, max-video-preview:-1\" \/>\n<link rel=\"canonical\" href=\"https:\/\/www.certification-india.com\/tr\/tec-zorunlu-urunler\/\" \/>\n<meta property=\"og:locale\" content=\"tr_TR\" \/>\n<meta property=\"og:type\" content=\"article\" \/>\n<meta property=\"og:title\" content=\"TEC Zorunlu \u00dcr\u00fcnler - MPR India Certification\" \/>\n<meta property=\"og:description\" content=\"Hindistan i\u00e7in TEC sertifikasyonunun zorunlu oldu\u011fu telekom\u00fcnikasyon \u00fcr\u00fcnlerine genel bak\u0131\u015f.\" \/>\n<meta property=\"og:url\" content=\"https:\/\/www.certification-india.com\/tr\/tec-zorunlu-urunler\/\" \/>\n<meta property=\"og:site_name\" content=\"MPR India Certification\" \/>\n<meta property=\"article:modified_time\" content=\"2023-11-13T14:49:18+00:00\" \/>\n<meta property=\"og:image\" content=\"https:\/\/www.certification-india.com\/wp-content\/uploads\/tec.jpg\" \/>\n\t<meta property=\"og:image:width\" content=\"1920\" \/>\n\t<meta property=\"og:image:height\" content=\"447\" \/>\n\t<meta property=\"og:image:type\" content=\"image\/jpeg\" \/>\n<meta name=\"twitter:card\" content=\"summary_large_image\" \/>\n<meta name=\"twitter:label1\" content=\"Tahmini okuma s\u00fcresi\" \/>\n\t<meta name=\"twitter:data1\" content=\"1 dakika\" \/>\n<script type=\"application\/ld+json\" class=\"yoast-schema-graph\">{\"@context\":\"https:\\\/\\\/schema.org\",\"@graph\":[{\"@type\":\"WebPage\",\"@id\":\"https:\\\/\\\/www.certification-india.com\\\/tr\\\/tec-zorunlu-urunler\\\/\",\"url\":\"https:\\\/\\\/www.certification-india.com\\\/tr\\\/tec-zorunlu-urunler\\\/\",\"name\":\"TEC Zorunlu \u00dcr\u00fcnler - MPR India Certification\",\"isPartOf\":{\"@id\":\"https:\\\/\\\/www.certification-india.com\\\/tr\\\/#website\"},\"primaryImageOfPage\":{\"@id\":\"https:\\\/\\\/www.certification-india.com\\\/tr\\\/tec-zorunlu-urunler\\\/#primaryimage\"},\"image\":{\"@id\":\"https:\\\/\\\/www.certification-india.com\\\/tr\\\/tec-zorunlu-urunler\\\/#primaryimage\"},\"thumbnailUrl\":\"https:\\\/\\\/www.certification-india.com\\\/wp-content\\\/uploads\\\/tec.jpg\",\"datePublished\":\"2023-04-21T08:11:33+00:00\",\"dateModified\":\"2023-11-13T14:49:18+00:00\",\"description\":\"Hindistan i\u00e7in TEC sertifikasyonunun zorunlu oldu\u011fu telekom\u00fcnikasyon \u00fcr\u00fcnlerine genel bak\u0131\u015f.\",\"breadcrumb\":{\"@id\":\"https:\\\/\\\/www.certification-india.com\\\/tr\\\/tec-zorunlu-urunler\\\/#breadcrumb\"},\"inLanguage\":\"tr\",\"potentialAction\":[{\"@type\":\"ReadAction\",\"target\":[\"https:\\\/\\\/www.certification-india.com\\\/tr\\\/tec-zorunlu-urunler\\\/\"]}]},{\"@type\":\"ImageObject\",\"inLanguage\":\"tr\",\"@id\":\"https:\\\/\\\/www.certification-india.com\\\/tr\\\/tec-zorunlu-urunler\\\/#primaryimage\",\"url\":\"https:\\\/\\\/www.certification-india.com\\\/wp-content\\\/uploads\\\/tec.jpg\",\"contentUrl\":\"https:\\\/\\\/www.certification-india.com\\\/wp-content\\\/uploads\\\/tec.jpg\",\"width\":1920,\"height\":447},{\"@type\":\"BreadcrumbList\",\"@id\":\"https:\\\/\\\/www.certification-india.com\\\/tr\\\/tec-zorunlu-urunler\\\/#breadcrumb\",\"itemListElement\":[{\"@type\":\"ListItem\",\"position\":1,\"name\":\"Startseite\",\"item\":\"https:\\\/\\\/www.certification-india.com\\\/tr\\\/\"},{\"@type\":\"ListItem\",\"position\":2,\"name\":\"TEC Mandatory Products &#8211; TR\"}]},{\"@type\":\"WebSite\",\"@id\":\"https:\\\/\\\/www.certification-india.com\\\/tr\\\/#website\",\"url\":\"https:\\\/\\\/www.certification-india.com\\\/tr\\\/\",\"name\":\"MPR India Certification\",\"description\":\"Ihr Experte f\u00fcr Indien-Zertifizierungen\",\"potentialAction\":[{\"@type\":\"SearchAction\",\"target\":{\"@type\":\"EntryPoint\",\"urlTemplate\":\"https:\\\/\\\/www.certification-india.com\\\/tr\\\/?s={search_term_string}\"},\"query-input\":{\"@type\":\"PropertyValueSpecification\",\"valueRequired\":true,\"valueName\":\"search_term_string\"}}],\"inLanguage\":\"tr\"}]}<\/script>\n<!-- \/ Yoast SEO plugin. -->","yoast_head_json":{"title":"TEC Zorunlu \u00dcr\u00fcnler - MPR India Certification","description":"Hindistan i\u00e7in TEC sertifikasyonunun zorunlu oldu\u011fu telekom\u00fcnikasyon \u00fcr\u00fcnlerine genel bak\u0131\u015f.","robots":{"index":"index","follow":"follow","max-snippet":"max-snippet:-1","max-image-preview":"max-image-preview:large","max-video-preview":"max-video-preview:-1"},"canonical":"https:\/\/www.certification-india.com\/tr\/tec-zorunlu-urunler\/","og_locale":"tr_TR","og_type":"article","og_title":"TEC Zorunlu \u00dcr\u00fcnler - MPR India Certification","og_description":"Hindistan i\u00e7in TEC sertifikasyonunun zorunlu oldu\u011fu telekom\u00fcnikasyon \u00fcr\u00fcnlerine genel bak\u0131\u015f.","og_url":"https:\/\/www.certification-india.com\/tr\/tec-zorunlu-urunler\/","og_site_name":"MPR India Certification","article_modified_time":"2023-11-13T14:49:18+00:00","og_image":[{"width":1920,"height":447,"url":"https:\/\/www.certification-india.com\/wp-content\/uploads\/tec.jpg","type":"image\/jpeg"}],"twitter_card":"summary_large_image","twitter_misc":{"Tahmini okuma s\u00fcresi":"1 dakika"},"schema":{"@context":"https:\/\/schema.org","@graph":[{"@type":"WebPage","@id":"https:\/\/www.certification-india.com\/tr\/tec-zorunlu-urunler\/","url":"https:\/\/www.certification-india.com\/tr\/tec-zorunlu-urunler\/","name":"TEC Zorunlu \u00dcr\u00fcnler - MPR India Certification","isPartOf":{"@id":"https:\/\/www.certification-india.com\/tr\/#website"},"primaryImageOfPage":{"@id":"https:\/\/www.certification-india.com\/tr\/tec-zorunlu-urunler\/#primaryimage"},"image":{"@id":"https:\/\/www.certification-india.com\/tr\/tec-zorunlu-urunler\/#primaryimage"},"thumbnailUrl":"https:\/\/www.certification-india.com\/wp-content\/uploads\/tec.jpg","datePublished":"2023-04-21T08:11:33+00:00","dateModified":"2023-11-13T14:49:18+00:00","description":"Hindistan i\u00e7in TEC sertifikasyonunun zorunlu oldu\u011fu telekom\u00fcnikasyon \u00fcr\u00fcnlerine genel bak\u0131\u015f.","breadcrumb":{"@id":"https:\/\/www.certification-india.com\/tr\/tec-zorunlu-urunler\/#breadcrumb"},"inLanguage":"tr","potentialAction":[{"@type":"ReadAction","target":["https:\/\/www.certification-india.com\/tr\/tec-zorunlu-urunler\/"]}]},{"@type":"ImageObject","inLanguage":"tr","@id":"https:\/\/www.certification-india.com\/tr\/tec-zorunlu-urunler\/#primaryimage","url":"https:\/\/www.certification-india.com\/wp-content\/uploads\/tec.jpg","contentUrl":"https:\/\/www.certification-india.com\/wp-content\/uploads\/tec.jpg","width":1920,"height":447},{"@type":"BreadcrumbList","@id":"https:\/\/www.certification-india.com\/tr\/tec-zorunlu-urunler\/#breadcrumb","itemListElement":[{"@type":"ListItem","position":1,"name":"Startseite","item":"https:\/\/www.certification-india.com\/tr\/"},{"@type":"ListItem","position":2,"name":"TEC Mandatory Products &#8211; TR"}]},{"@type":"WebSite","@id":"https:\/\/www.certification-india.com\/tr\/#website","url":"https:\/\/www.certification-india.com\/tr\/","name":"MPR India Certification","description":"Ihr Experte f\u00fcr Indien-Zertifizierungen","potentialAction":[{"@type":"SearchAction","target":{"@type":"EntryPoint","urlTemplate":"https:\/\/www.certification-india.com\/tr\/?s={search_term_string}"},"query-input":{"@type":"PropertyValueSpecification","valueRequired":true,"valueName":"search_term_string"}}],"inLanguage":"tr"}]}},"_links":{"self":[{"href":"https:\/\/www.certification-india.com\/tr\/wp-json\/wp\/v2\/pages\/27134","targetHints":{"allow":["GET"]}}],"collection":[{"href":"https:\/\/www.certification-india.com\/tr\/wp-json\/wp\/v2\/pages"}],"about":[{"href":"https:\/\/www.certification-india.com\/tr\/wp-json\/wp\/v2\/types\/page"}],"author":[{"embeddable":true,"href":"https:\/\/www.certification-india.com\/tr\/wp-json\/wp\/v2\/users\/3"}],"replies":[{"embeddable":true,"href":"https:\/\/www.certification-india.com\/tr\/wp-json\/wp\/v2\/comments?post=27134"}],"version-history":[{"count":2,"href":"https:\/\/www.certification-india.com\/tr\/wp-json\/wp\/v2\/pages\/27134\/revisions"}],"predecessor-version":[{"id":27138,"href":"https:\/\/www.certification-india.com\/tr\/wp-json\/wp\/v2\/pages\/27134\/revisions\/27138"}],"wp:featuredmedia":[{"embeddable":true,"href":"https:\/\/www.certification-india.com\/tr\/wp-json\/wp\/v2\/media\/20318"}],"wp:attachment":[{"href":"https:\/\/www.certification-india.com\/tr\/wp-json\/wp\/v2\/media?parent=27134"}],"curies":[{"name":"wp","href":"https:\/\/api.w.org\/{rel}","templated":true}]}}