{"id":27142,"date":"2023-04-21T14:21:25","date_gmt":"2023-04-21T12:21:25","guid":{"rendered":"https:\/\/www.certification-india.com\/?page_id=27142"},"modified":"2024-08-29T17:42:57","modified_gmt":"2024-08-29T15:42:57","slug":"peso-ile-ilgili-urunler-ve-bilesenler","status":"publish","type":"page","link":"https:\/\/www.certification-india.com\/tr\/peso-ile-ilgili-urunler-ve-bilesenler\/","title":{"rendered":"PESO relevant products &#8211; TR"},"content":{"rendered":"\n<h4 class=\"wp-block-heading is-style-header-headline-white\">your one-stop certification <strong>solution!<\/strong><\/h4>\n\n\n\n<h1 class=\"wp-block-heading is-style-h1-headline-content\">PESO ile \u0130lgili \u00dcr\u00fcnler ve Bile\u015fenler<\/h1>\n\n\n\n<p>IECEx\/ATEX sertifikal\u0131 par\u00e7a ve bile\u015fenlerin \u00e7o\u011fu Hindistan&#8217;da PESO sertifikasyonuna tabidir. Di\u011fer \u00fcr\u00fcn gruplar\u0131 ve \u00fcretim\/depolama yerleri de <strong>PESO sertifikasyonu<\/strong> ile ilgilidir (a\u015fa\u011f\u0131ya bak\u0131n\u0131z).<\/p>\n\n\n\n<div style=\"height:30px\" aria-hidden=\"true\" class=\"wp-block-spacer\"><\/div>\n\n\n\n<h2 class=\"wp-block-heading is-style-border-left-headline has-medium-font-size\"><strong><strong>Hindistan i\u00e7in PESO ile \u0130lgili Bile\u015fenlerin Listesi:<\/strong><\/strong><\/h2>\n\n\n\n<div class=\"wp-block-columns is-layout-flex wp-container-core-columns-is-layout-9d6595d7 wp-block-columns-is-layout-flex\">\n<div class=\"wp-block-column has-background is-layout-flow wp-block-column-is-layout-flow\" style=\"background-color:#ececec\">\n<ul class=\"wp-block-list\">\n<li>Gas cylinders\/valves\/regulators<\/li>\n\n\n\n<li>Pressure vessels and their fittings<\/li>\n\n\n\n<li>Gas cylinder filling plants<\/li>\n\n\n\n<li>Factories for the manufacture of pressure vessels and their fittings, gas cylinder valves, LPG regulators and petroleum tankers and their fittings<\/li>\n\n\n\n<li>CNG filling stations<\/li>\n\n\n\n<li>Storage facilities for filled gas cylinders<\/li>\n\n\n\n<li>Storage facilities for compressed gases in pressure vessels<\/li>\n\n\n\n<li>Car LPG dispensers<\/li>\n\n\n\n<li>LPG filling plants<\/li>\n\n\n\n<li>Flameproof, intrinsically safe and special electrical equipment suitable for use in hazardous areas with flammable gases\/vapours<\/li>\n\n\n\n<li>Flameproof equipment<\/li>\n\n\n\n<li>Mechanical components installed in hazardous areas<\/li>\n\n\n\n<li>Petroleum refineries, petrochemical plants, calcium carbide factories and acetylene gas generating plants<\/li>\n\n\n\n<li>Petroleum tanks in seagoing vessels for the issuance of gas free certificates for the authorisation of hot work, entry into such tanks and entry into such vessels in docks<\/li>\n\n\n\n<li>Long-distance petroleum pipelines<\/li>\n\n\n\n<li>Petroleum pipelines<\/li>\n\n\n\n<li>Petroleum tankers<\/li>\n\n\n\n<li>Petroleum filling stations<\/li>\n\n\n\n<li>Calcium carbide storage rooms<\/li>\n\n\n\n<li>Explosives<\/li>\n\n\n\n<li>Factories for the production of explosives<\/li>\n\n\n\n<li>Storage rooms for explosives<\/li>\n\n\n\n<li>Explosives trucks, portable explosives magazines, mixing and delivery vehicles for on-site manufacture of explosives, vehicles for transporting compressed gases in pressure vessels and petroleum tankers<\/li>\n\n\n\n<li>Factories for the manufacture of fireworks<\/li>\n\n\n\n<li>Warehouses and shops for fireworks<\/li>\n\n\n\n<li>On-site manufacture of explosives in Bulk Mixing and Delivery [BMD] vehicles<\/li>\n<\/ul>\n<\/div>\n<\/div>\n\n\n<section class=\"mpr-theme-kontakt\">\r\n    <div class=\"mpr-theme-kontakt-inhalt\">\r\n        <h3>Bize ula\u015f\u0131n!<\/h3>\n<p><strong><img loading=\"lazy\" decoding=\"async\" class=\"size-full wp-image-20823 alignleft\" src=\"https:\/\/www.certification-india.com\/wp-content\/uploads\/Indien-Broschueren-Cover-Dummy-7.png\" alt=\"\" width=\"155\" height=\"139\" \/>MPR India Certification<\/strong> &#8211; uzman dan\u0131\u015fmanl\u0131k ve d\u00fcnya \u00e7ap\u0131nda sertifikasyon projelerinin uygulanmas\u0131.<\/p>\n<p><a href=\"https:\/\/certification-india.com\/en\/peso-registration-brochure\/\"><strong>\u00dccretsiz PESO Sertifikasyon kitap\u00e7\u0131\u011f\u0131n\u0131 indirin!<\/strong><\/a><\/p>\n    <\/div>\r\n    <div class=\"mpr-theme-kontakt-teaser\">\r\n        <div class=\"mpr-theme-kontakt-headline-container\">\r\n            <span class=\"mpr-theme-kontakt-headline\">\u0130leti\u015fim<\/span>\r\n        <\/div>\r\n\r\n        <div class=\"mpr-theme-kontakt-phone-container\">\r\n            <span class=\"mpr-theme-kontakt-phone\">T +49-69-2713769261 (EU)<\/span>\r\n        <\/div>\r\n\r\n        <div class=\"mpr-theme-kontakt-phone-container phone-2\">\r\n            <span class=\"mpr-theme-kontakt-phone\">T +1-773-654-2673 (US)<\/span>\r\n        <\/div>\r\n\r\n        <div class=\"mpr-theme-kontakt-mail-container\">\r\n            <a href=\"mailto:info@certification-india.com\"><span class=\"mpr-theme-kontakt-mail\">info@certification-india.com<\/span><\/a>\r\n        <\/div>\r\n    <\/div>\r\n<\/section>\n\n<section class=\"mpr-theme-teaser-service\">\r\n    <div class=\"mpr-theme-teaser-service-content-container\">\r\n                    <div class=\"mpr-theme-teaser-service-content\"><a href=\"https:\/\/www.certification-india.com\/tr\/video-kanali\/\">\r\n                    <div class=\"mpr-theme-teaser-service-content-container-headline\">\r\n                        <span class=\"mpr-theme-teaser-service-headline\">Videolar<\/span>\r\n                    <\/div>\r\n\r\n                    <div class=\"mpr-theme-teaser-service-content-container-subline\">\r\n                        <span class=\"mpr-theme-teaser-service-subline\">T\u00fcm Videolar <\/span><br>\r\n                        <span class=\"mpr-theme-teaser-service-subline-2\">MPR Channel<\/span>\r\n                    <\/div>\r\n\r\n                    <div class=\"mpr-theme-teaser-service-content-container-icon\">\r\n                        <img decoding=\"async\" class=\"icon\" src=\"https:\/\/www.certification-india.com\/wp-content\/uploads\/teaser-service-play-button.png\" alt=\"\">\r\n                    <\/div>\r\n                <\/a><\/div>\r\n                    <div class=\"mpr-theme-teaser-service-content\"><a href=\"https:\/\/www.certification-india.com\/tr\/bilgi-kitapciklarini-indirin\/\">\r\n                    <div class=\"mpr-theme-teaser-service-content-container-headline\">\r\n                        <span class=\"mpr-theme-teaser-service-headline\">Kitap\u00e7\u0131klar<\/span>\r\n                    <\/div>\r\n\r\n                    <div class=\"mpr-theme-teaser-service-content-container-subline\">\r\n                        <span class=\"mpr-theme-teaser-service-subline\">\u00dccretsiz <\/span><br>\r\n                        <span class=\"mpr-theme-teaser-service-subline-2\">\u0130ndirmeler<\/span>\r\n                    <\/div>\r\n\r\n                    <div class=\"mpr-theme-teaser-service-content-container-icon\">\r\n                        <img decoding=\"async\" class=\"icon\" src=\"https:\/\/www.certification-india.com\/wp-content\/uploads\/teaser-service-download-icon.png\" alt=\"\">\r\n                    <\/div>\r\n                <\/a><\/div>\r\n                    <div class=\"mpr-theme-teaser-service-content\"><a href=\"https:\/\/www.certification-india.com\/tr\/medya-ve-yayinlar\/\">\r\n                    <div class=\"mpr-theme-teaser-service-content-container-headline\">\r\n                        <span class=\"mpr-theme-teaser-service-headline\">Medya ve Yay\u0131nlar<\/span>\r\n                    <\/div>\r\n\r\n                    <div class=\"mpr-theme-teaser-service-content-container-subline\">\r\n                        <span class=\"mpr-theme-teaser-service-subline\">Yay\u0131nlar<\/span><br>\r\n                        <span class=\"mpr-theme-teaser-service-subline-2\"><\/span>\r\n                    <\/div>\r\n\r\n                    <div class=\"mpr-theme-teaser-service-content-container-icon\">\r\n                        <img decoding=\"async\" class=\"icon\" src=\"https:\/\/www.certification-india.com\/wp-content\/uploads\/teaser-service-publications.png\" alt=\"\">\r\n                    <\/div>\r\n                <\/a><\/div>\r\n                    <div class=\"mpr-theme-teaser-service-content\"><a href=\"https:\/\/www.certification-india.com\/tr\/company\/contact\/\">\r\n                    <div class=\"mpr-theme-teaser-service-content-container-headline\">\r\n                        <span class=\"mpr-theme-teaser-service-headline\">\u0130leti\u015fim<\/span>\r\n                    <\/div>\r\n\r\n                    <div class=\"mpr-theme-teaser-service-content-container-subline\">\r\n                        <span class=\"mpr-theme-teaser-service-subline\">T + 49-69-2713769261<\/span><br>\r\n                        <span class=\"mpr-theme-teaser-service-subline-2\">E-posta G\u00f6nder<\/span>\r\n                    <\/div>\r\n\r\n                    <div class=\"mpr-theme-teaser-service-content-container-icon\">\r\n                        <img decoding=\"async\" class=\"icon\" src=\"https:\/\/www.certification-india.com\/wp-content\/uploads\/teaser-service-contact-icon.png\" alt=\"\">\r\n                    <\/div>\r\n                <\/a><\/div>\r\n            <\/div>\r\n\r\n<\/section>\r\n","protected":false},"excerpt":{"rendered":"<p>your one-stop certification solution! PESO ile \u0130lgili \u00dcr\u00fcnler ve Bile\u015fenler IECEx\/ATEX sertifikal\u0131 par\u00e7a ve bile\u015fenlerin \u00e7o\u011fu Hindistan&#8217;da PESO sertifikasyonuna tabidir. Di\u011fer \u00fcr\u00fcn gruplar\u0131 ve \u00fcretim\/depolama yerleri de PESO sertifikasyonu ile ilgilidir (a\u015fa\u011f\u0131ya bak\u0131n\u0131z). Hindistan i\u00e7in PESO ile \u0130lgili Bile\u015fenlerin Listesi:<\/p>\n","protected":false},"author":3,"featured_media":26578,"parent":0,"menu_order":0,"comment_status":"closed","ping_status":"closed","template":"","meta":{"_acf_changed":false,"inline_featured_image":false,"footnotes":""},"class_list":["post-27142","page","type-page","status-publish","has-post-thumbnail","hentry"],"acf":[],"yoast_head":"<!-- This site is optimized with the Yoast SEO plugin v27.4 - https:\/\/yoast.com\/product\/yoast-seo-wordpress\/ -->\n<title>PESO ile \u0130lgili \u00dcr\u00fcnler ve Bile\u015fenler - MPR India Certification<\/title>\n<meta name=\"description\" content=\"Hindistan&#039;da PESO sertifikasyonunun genel olarak zorunlu oldu\u011fu petrol ve gaz sanayi \u00fcr\u00fcnlerine genel bak\u0131\u015f.\" \/>\n<meta name=\"robots\" content=\"index, follow, max-snippet:-1, max-image-preview:large, max-video-preview:-1\" \/>\n<link rel=\"canonical\" href=\"https:\/\/www.certification-india.com\/tr\/peso-ile-ilgili-urunler-ve-bilesenler\/\" \/>\n<meta property=\"og:locale\" content=\"tr_TR\" \/>\n<meta property=\"og:type\" content=\"article\" \/>\n<meta property=\"og:title\" content=\"PESO ile \u0130lgili \u00dcr\u00fcnler ve Bile\u015fenler - MPR India Certification\" \/>\n<meta property=\"og:description\" content=\"Hindistan&#039;da PESO sertifikasyonunun genel olarak zorunlu oldu\u011fu petrol ve gaz sanayi \u00fcr\u00fcnlerine genel bak\u0131\u015f.\" \/>\n<meta property=\"og:url\" content=\"https:\/\/www.certification-india.com\/tr\/peso-ile-ilgili-urunler-ve-bilesenler\/\" \/>\n<meta property=\"og:site_name\" content=\"MPR India Certification\" \/>\n<meta property=\"article:modified_time\" content=\"2024-08-29T15:42:57+00:00\" \/>\n<meta property=\"og:image\" content=\"https:\/\/www.certification-india.com\/wp-content\/uploads\/teaser-awards-small.png\" \/>\n\t<meta property=\"og:image:width\" content=\"1920\" \/>\n\t<meta property=\"og:image:height\" content=\"404\" \/>\n\t<meta property=\"og:image:type\" content=\"image\/png\" \/>\n<meta name=\"twitter:card\" content=\"summary_large_image\" \/>\n<meta name=\"twitter:label1\" content=\"Tahmini okuma s\u00fcresi\" \/>\n\t<meta name=\"twitter:data1\" content=\"3 dakika\" \/>\n<script type=\"application\/ld+json\" class=\"yoast-schema-graph\">{\"@context\":\"https:\\\/\\\/schema.org\",\"@graph\":[{\"@type\":\"WebPage\",\"@id\":\"https:\\\/\\\/www.certification-india.com\\\/tr\\\/peso-ile-ilgili-urunler-ve-bilesenler\\\/\",\"url\":\"https:\\\/\\\/www.certification-india.com\\\/tr\\\/peso-ile-ilgili-urunler-ve-bilesenler\\\/\",\"name\":\"PESO ile \u0130lgili \u00dcr\u00fcnler ve Bile\u015fenler - MPR India Certification\",\"isPartOf\":{\"@id\":\"https:\\\/\\\/www.certification-india.com\\\/tr\\\/#website\"},\"primaryImageOfPage\":{\"@id\":\"https:\\\/\\\/www.certification-india.com\\\/tr\\\/peso-ile-ilgili-urunler-ve-bilesenler\\\/#primaryimage\"},\"image\":{\"@id\":\"https:\\\/\\\/www.certification-india.com\\\/tr\\\/peso-ile-ilgili-urunler-ve-bilesenler\\\/#primaryimage\"},\"thumbnailUrl\":\"https:\\\/\\\/www.certification-india.com\\\/wp-content\\\/uploads\\\/teaser-awards-small.png\",\"datePublished\":\"2023-04-21T12:21:25+00:00\",\"dateModified\":\"2024-08-29T15:42:57+00:00\",\"description\":\"Hindistan'da PESO sertifikasyonunun genel olarak zorunlu oldu\u011fu petrol ve gaz sanayi \u00fcr\u00fcnlerine genel bak\u0131\u015f.\",\"breadcrumb\":{\"@id\":\"https:\\\/\\\/www.certification-india.com\\\/tr\\\/peso-ile-ilgili-urunler-ve-bilesenler\\\/#breadcrumb\"},\"inLanguage\":\"tr\",\"potentialAction\":[{\"@type\":\"ReadAction\",\"target\":[\"https:\\\/\\\/www.certification-india.com\\\/tr\\\/peso-ile-ilgili-urunler-ve-bilesenler\\\/\"]}]},{\"@type\":\"ImageObject\",\"inLanguage\":\"tr\",\"@id\":\"https:\\\/\\\/www.certification-india.com\\\/tr\\\/peso-ile-ilgili-urunler-ve-bilesenler\\\/#primaryimage\",\"url\":\"https:\\\/\\\/www.certification-india.com\\\/wp-content\\\/uploads\\\/teaser-awards-small.png\",\"contentUrl\":\"https:\\\/\\\/www.certification-india.com\\\/wp-content\\\/uploads\\\/teaser-awards-small.png\",\"width\":1920,\"height\":404},{\"@type\":\"BreadcrumbList\",\"@id\":\"https:\\\/\\\/www.certification-india.com\\\/tr\\\/peso-ile-ilgili-urunler-ve-bilesenler\\\/#breadcrumb\",\"itemListElement\":[{\"@type\":\"ListItem\",\"position\":1,\"name\":\"Startseite\",\"item\":\"https:\\\/\\\/www.certification-india.com\\\/tr\\\/\"},{\"@type\":\"ListItem\",\"position\":2,\"name\":\"PESO relevant products &#8211; TR\"}]},{\"@type\":\"WebSite\",\"@id\":\"https:\\\/\\\/www.certification-india.com\\\/tr\\\/#website\",\"url\":\"https:\\\/\\\/www.certification-india.com\\\/tr\\\/\",\"name\":\"MPR India Certification\",\"description\":\"Ihr Experte f\u00fcr Indien-Zertifizierungen\",\"potentialAction\":[{\"@type\":\"SearchAction\",\"target\":{\"@type\":\"EntryPoint\",\"urlTemplate\":\"https:\\\/\\\/www.certification-india.com\\\/tr\\\/?s={search_term_string}\"},\"query-input\":{\"@type\":\"PropertyValueSpecification\",\"valueRequired\":true,\"valueName\":\"search_term_string\"}}],\"inLanguage\":\"tr\"}]}<\/script>\n<!-- \/ Yoast SEO plugin. -->","yoast_head_json":{"title":"PESO ile \u0130lgili \u00dcr\u00fcnler ve Bile\u015fenler - MPR India Certification","description":"Hindistan'da PESO sertifikasyonunun genel olarak zorunlu oldu\u011fu petrol ve gaz sanayi \u00fcr\u00fcnlerine genel bak\u0131\u015f.","robots":{"index":"index","follow":"follow","max-snippet":"max-snippet:-1","max-image-preview":"max-image-preview:large","max-video-preview":"max-video-preview:-1"},"canonical":"https:\/\/www.certification-india.com\/tr\/peso-ile-ilgili-urunler-ve-bilesenler\/","og_locale":"tr_TR","og_type":"article","og_title":"PESO ile \u0130lgili \u00dcr\u00fcnler ve Bile\u015fenler - MPR India Certification","og_description":"Hindistan'da PESO sertifikasyonunun genel olarak zorunlu oldu\u011fu petrol ve gaz sanayi \u00fcr\u00fcnlerine genel bak\u0131\u015f.","og_url":"https:\/\/www.certification-india.com\/tr\/peso-ile-ilgili-urunler-ve-bilesenler\/","og_site_name":"MPR India Certification","article_modified_time":"2024-08-29T15:42:57+00:00","og_image":[{"width":1920,"height":404,"url":"https:\/\/www.certification-india.com\/wp-content\/uploads\/teaser-awards-small.png","type":"image\/png"}],"twitter_card":"summary_large_image","twitter_misc":{"Tahmini okuma s\u00fcresi":"3 dakika"},"schema":{"@context":"https:\/\/schema.org","@graph":[{"@type":"WebPage","@id":"https:\/\/www.certification-india.com\/tr\/peso-ile-ilgili-urunler-ve-bilesenler\/","url":"https:\/\/www.certification-india.com\/tr\/peso-ile-ilgili-urunler-ve-bilesenler\/","name":"PESO ile \u0130lgili \u00dcr\u00fcnler ve Bile\u015fenler - MPR India Certification","isPartOf":{"@id":"https:\/\/www.certification-india.com\/tr\/#website"},"primaryImageOfPage":{"@id":"https:\/\/www.certification-india.com\/tr\/peso-ile-ilgili-urunler-ve-bilesenler\/#primaryimage"},"image":{"@id":"https:\/\/www.certification-india.com\/tr\/peso-ile-ilgili-urunler-ve-bilesenler\/#primaryimage"},"thumbnailUrl":"https:\/\/www.certification-india.com\/wp-content\/uploads\/teaser-awards-small.png","datePublished":"2023-04-21T12:21:25+00:00","dateModified":"2024-08-29T15:42:57+00:00","description":"Hindistan'da PESO sertifikasyonunun genel olarak zorunlu oldu\u011fu petrol ve gaz sanayi \u00fcr\u00fcnlerine genel bak\u0131\u015f.","breadcrumb":{"@id":"https:\/\/www.certification-india.com\/tr\/peso-ile-ilgili-urunler-ve-bilesenler\/#breadcrumb"},"inLanguage":"tr","potentialAction":[{"@type":"ReadAction","target":["https:\/\/www.certification-india.com\/tr\/peso-ile-ilgili-urunler-ve-bilesenler\/"]}]},{"@type":"ImageObject","inLanguage":"tr","@id":"https:\/\/www.certification-india.com\/tr\/peso-ile-ilgili-urunler-ve-bilesenler\/#primaryimage","url":"https:\/\/www.certification-india.com\/wp-content\/uploads\/teaser-awards-small.png","contentUrl":"https:\/\/www.certification-india.com\/wp-content\/uploads\/teaser-awards-small.png","width":1920,"height":404},{"@type":"BreadcrumbList","@id":"https:\/\/www.certification-india.com\/tr\/peso-ile-ilgili-urunler-ve-bilesenler\/#breadcrumb","itemListElement":[{"@type":"ListItem","position":1,"name":"Startseite","item":"https:\/\/www.certification-india.com\/tr\/"},{"@type":"ListItem","position":2,"name":"PESO relevant products &#8211; TR"}]},{"@type":"WebSite","@id":"https:\/\/www.certification-india.com\/tr\/#website","url":"https:\/\/www.certification-india.com\/tr\/","name":"MPR India Certification","description":"Ihr Experte f\u00fcr Indien-Zertifizierungen","potentialAction":[{"@type":"SearchAction","target":{"@type":"EntryPoint","urlTemplate":"https:\/\/www.certification-india.com\/tr\/?s={search_term_string}"},"query-input":{"@type":"PropertyValueSpecification","valueRequired":true,"valueName":"search_term_string"}}],"inLanguage":"tr"}]}},"_links":{"self":[{"href":"https:\/\/www.certification-india.com\/tr\/wp-json\/wp\/v2\/pages\/27142","targetHints":{"allow":["GET"]}}],"collection":[{"href":"https:\/\/www.certification-india.com\/tr\/wp-json\/wp\/v2\/pages"}],"about":[{"href":"https:\/\/www.certification-india.com\/tr\/wp-json\/wp\/v2\/types\/page"}],"author":[{"embeddable":true,"href":"https:\/\/www.certification-india.com\/tr\/wp-json\/wp\/v2\/users\/3"}],"replies":[{"embeddable":true,"href":"https:\/\/www.certification-india.com\/tr\/wp-json\/wp\/v2\/comments?post=27142"}],"version-history":[{"count":7,"href":"https:\/\/www.certification-india.com\/tr\/wp-json\/wp\/v2\/pages\/27142\/revisions"}],"predecessor-version":[{"id":27150,"href":"https:\/\/www.certification-india.com\/tr\/wp-json\/wp\/v2\/pages\/27142\/revisions\/27150"}],"wp:featuredmedia":[{"embeddable":true,"href":"https:\/\/www.certification-india.com\/tr\/wp-json\/wp\/v2\/media\/26578"}],"wp:attachment":[{"href":"https:\/\/www.certification-india.com\/tr\/wp-json\/wp\/v2\/media?parent=27142"}],"curies":[{"name":"wp","href":"https:\/\/api.w.org\/{rel}","templated":true}]}}