{"id":27157,"date":"2023-05-12T07:53:59","date_gmt":"2023-05-12T05:53:59","guid":{"rendered":"https:\/\/www.certification-india.com\/?page_id=27157"},"modified":"2026-02-18T09:36:26","modified_gmt":"2026-02-18T08:36:26","slug":"contact-tr","status":"publish","type":"page","link":"https:\/\/www.certification-india.com\/tr\/contact-tr\/","title":{"rendered":"Contact &#8211; TR"},"content":{"rendered":"\n<h4 class=\"wp-block-heading is-style-header-headline\">your one-stop certification <strong>solution!<\/strong><\/h4>\n\n\n\n<h1 class=\"wp-block-heading is-style-h1-headline-content\">\u0130leti\u015fim<\/h1>\n\n\n<section class=\"mpr-theme-kontakt-grau\">\r\n    <div class=\"mpr-theme-kontakt-grau-content\">\r\n        <div class=\"mpr-theme-kontakt-grau-inhalt\">\r\n            <p><strong>MPR India Certification <\/strong>\u2013 Profesyonel dan\u0131\u015fmanl\u0131k ve d\u00fcnya \u00e7ap\u0131nda sertifikasyon projelerinin uygulanmas\u0131.<\/p>\n<p>L\u00fctfen telefon, sohbet ve e-postan\u0131n yan\u0131 s\u0131ra ileti\u015fim formumuzu da kullanmaktan \u00e7ekinmeyin. (\u0130ngilizce, Almanca, Mandarin \u00c7incesi)<\/p>\n        <\/div>\r\n        <div class=\"mpr-theme-kontakt-grau-teaser\">\r\n            <div class=\"mpr-theme-kontakt-grau-headline-container\">\r\n                <span class=\"mpr-theme-kontakt-grau-headline\">\u0130leti\u015fim<\/span>\r\n            <\/div>\r\n\r\n            <div class=\"mpr-theme-kontakt-grau-phone-container\">\r\n                <span class=\"mpr-theme-kontakt-grau-phone\">T +49-69-2713769261 (EU)<\/span>\r\n            <\/div>\r\n\r\n            <div class=\"mpr-theme-kontakt-phone-container phone-2\">\r\n                <span class=\"mpr-theme-kontakt-phone\">T +1-773-654-2673 (US)<\/span>\r\n            <\/div>\r\n\r\n            <div class=\"mpr-theme-kontakt-grau-mail-container\">\r\n                <a href=\"mailto:info@certification-india.com\"><span class=\"mpr-theme-kontakt-grau-mail\">info@certification-india.com<\/span><\/a>\r\n            <\/div>\r\n        <\/div>\r\n    <\/div>\r\n<\/section>\n\n\n<h2 class=\"wp-block-heading is-style-border-left-headline\" id=\"EU-Address\">Avrupa &#8211; <strong>MPR International GmbH<\/strong><\/h2>\n\n\n<section class=\"mpr-theme-contact-adresses\">\r\n        <div class=\"mpr-theme-contact-adresses-container\">\r\n                            <div class=\"mpr-theme-contact-adress-box\" style=\"background: url('https:\/\/www.certification-india.com\/wp-content\/uploads\/deutschland.png') no-repeat\">\r\n                    <div class=\"mpr-theme-contact-adress-box-inhalt\">\r\n                        <p class=\"is-style-subheadline\">Almanya<\/p>\n                    <\/div>\r\n                <\/div>\r\n                            <div class=\"mpr-theme-contact-adress-box\" style=\"background: url('') no-repeat\">\r\n                    <div class=\"mpr-theme-contact-adress-box-inhalt\">\r\n                        <p class=\"is-style-subheadline\">Frankfurt (Genel Merkez)<\/p>\n<p>Kaiserstra\u00dfe 65<br \/>\nD-60329 Frankfurt am Main<\/p>\n<p>Telefon:<br \/>\n+49 69 2713769 &#8211; 261<\/p>\n<p>E-posta:<br \/>\n<a href=\"mailto:info@certification-india.com\">info@certification-india.com<\/a><\/p>\n                    <\/div>\r\n                <\/div>\r\n                            <div class=\"mpr-theme-contact-adress-box\" style=\"background: url('https:\/\/www.certification-india.com\/wp-content\/uploads\/niederlande.png') no-repeat\">\r\n                    <div class=\"mpr-theme-contact-adress-box-inhalt\">\r\n                        <p class=\"is-style-subheadline\">Hollanda<\/p>\n                    <\/div>\r\n                <\/div>\r\n                            <div class=\"mpr-theme-contact-adress-box\" style=\"background: url('') no-repeat\">\r\n                    <div class=\"mpr-theme-contact-adress-box-inhalt\">\r\n                        <p class=\"is-style-subheadline\">Zwolle<\/p>\n<p>Telefon:<br \/>\n+31 20 80 85 008<\/p>\n<p>E-posta:<br \/>\n<a href=\"mailto:benelux@certification-india.com\">benelux@certification-india.com<\/a><\/p>\n<p>&nbsp;<\/p>\n                    <\/div>\r\n                <\/div>\r\n                    <\/div>\r\n<\/section>\n\n<section class=\"mpr-theme-contact-adresses\">\r\n        <div class=\"mpr-theme-contact-adresses-container\">\r\n                            <div class=\"mpr-theme-contact-adress-box\" style=\"background: url('https:\/\/www.certification-india.com\/wp-content\/uploads\/italien.png') no-repeat\">\r\n                    <div class=\"mpr-theme-contact-adress-box-inhalt\">\r\n                        <p class=\"is-style-subheadline\">\u0130talya<\/p>\n                    <\/div>\r\n                <\/div>\r\n                            <div class=\"mpr-theme-contact-adress-box\" style=\"background: url('') no-repeat\">\r\n                    <div class=\"mpr-theme-contact-adress-box-inhalt\">\r\n                        <p class=\"is-style-subheadline\">Turin<\/p>\n<p>Via Lugaro 15<br \/>\n10126 Turin<br \/>\nItaly<\/p>\n<p>Telefon:<br \/>\n+39-0111 9620 260<\/p>\n<p>E-posta:<br \/>\n<a href=\"mailto:europe@certification-india.com\">europe@certification-india.com<\/a><\/p>\n                    <\/div>\r\n                <\/div>\r\n                            <div class=\"mpr-theme-contact-adress-box\" style=\"background: url('https:\/\/www.certification-india.com\/wp-content\/uploads\/united-kingdom.png') no-repeat\">\r\n                    <div class=\"mpr-theme-contact-adress-box-inhalt\">\r\n                        <p class=\"is-style-subheadline\">Birle\u015fik Krall\u0131k<\/p>\n                    <\/div>\r\n                <\/div>\r\n                            <div class=\"mpr-theme-contact-adress-box\" style=\"background: url('') no-repeat\">\r\n                    <div class=\"mpr-theme-contact-adress-box-inhalt\">\r\n                        <p class=\"is-style-subheadline\">London<\/p>\n<p>Portland House<br \/>\nBressenden Place<br \/>\nSW1E 5RS, London<br \/>\nUnited Kingdom<\/p>\n<p>Telefon:<br \/>\n+44 207 442 5945<\/p>\n<p>E-posta:<br \/>\n<a href=\"mailto:info@certification-india.com\">info@certification-india.com<\/a><\/p>\n                    <\/div>\r\n                <\/div>\r\n                    <\/div>\r\n<\/section>\n\n\n<div style=\"height:80px\" aria-hidden=\"true\" class=\"wp-block-spacer\"><\/div>\n\n\n\n<h2 class=\"wp-block-heading is-style-border-left-headline\" id=\"US-Address\">ABD &#8211; <strong>China Certification CORPORATION<\/strong><\/h2>\n\n\n<section class=\"mpr-theme-contact-adresses\">\r\n        <div class=\"mpr-theme-contact-adresses-container\">\r\n                            <div class=\"mpr-theme-contact-adress-box\" style=\"background: url('https:\/\/www.certification-india.com\/wp-content\/uploads\/usa.png') no-repeat\">\r\n                    <div class=\"mpr-theme-contact-adress-box-inhalt\">\r\n                        <p class=\"is-style-subheadline\"><span style=\"color: #ffffff;\">ABD<\/span><\/p>\n                    <\/div>\r\n                <\/div>\r\n                            <div class=\"mpr-theme-contact-adress-box\" style=\"background: url('') no-repeat\">\r\n                    <div class=\"mpr-theme-contact-adress-box-inhalt\">\r\n                        <p class=\"is-style-subheadline\">Ilinois &#8211; Chicago<\/p>\n<p>111 West Jackson Blvd, Suite 1700,<br \/>\nChicago, Illinois 60604-1210, USA<\/p>\n<p>Telefon:<br \/>\n+1-773-6542673<\/p>\n<p>E-posta:<br \/>\n<a href=\"mailto:usa@certification-india.com\">usa@certification-india.com<\/a><\/p>\n                    <\/div>\r\n                <\/div>\r\n                            <div class=\"mpr-theme-contact-adress-box\" style=\"background: url('') no-repeat\">\r\n                    <div class=\"mpr-theme-contact-adress-box-inhalt\">\r\n                        <p class=\"is-style-subheadline\">California &#8211; Brea<\/p>\n<p>135 S. State College Blvd., Suite 200<br \/>\nBrea, California 92821, USA<\/p>\n<p>Telefon:<br \/>\n+1-714-3125966<\/p>\n<p>E-posta:<br \/>\n<a href=\"mailto:usa@certification-india.com\">usa@certification-india.com<\/a><\/p>\n                    <\/div>\r\n                <\/div>\r\n                    <\/div>\r\n<\/section>\n\n\n<div style=\"height:80px\" aria-hidden=\"true\" class=\"wp-block-spacer\"><\/div>\n\n\n\n<h2 class=\"wp-block-heading is-style-border-left-headline\" id=\"Asia-Address\">Asya<\/h2>\n\n\n<section class=\"mpr-theme-contact-adresses\">\r\n        <div class=\"mpr-theme-contact-adresses-container\">\r\n                            <div class=\"mpr-theme-contact-adress-box\" style=\"background: url('https:\/\/www.certification-india.com\/wp-content\/uploads\/Indien-Panel-1-1-2.jpg') no-repeat\">\r\n                    <div class=\"mpr-theme-contact-adress-box-inhalt\">\r\n                        <p class=\"is-style-subheadline\">Hindistan<\/p>\n                    <\/div>\r\n                <\/div>\r\n                            <div class=\"mpr-theme-contact-adress-box\" style=\"background: url('') no-repeat\">\r\n                    <div class=\"mpr-theme-contact-adress-box-inhalt\">\r\n                        <div class=\"adresse-china\">\n<p><strong>ERCS Private Limited<\/strong><\/p>\n<p>S4, 2nd Floor, B-24<br \/>\nSector-1,\u00a0Noida\u00a0(UP)<br \/>\nIndia<br \/>\nPIN \u2013\u00a0201301<\/p>\n<p>Telefon:<br \/>\n+91 9076611766<\/p>\n<p>E-posta:<br \/>\n<a href=\"mailto:ercs@mpr-international.com\">ercs@mpr-international.com<\/a><\/p>\n<\/div>\n                    <\/div>\r\n                <\/div>\r\n                    <\/div>\r\n<\/section>\n\n<section class=\"mpr-theme-contact-adresses\">\r\n        <div class=\"mpr-theme-contact-adresses-container\">\r\n                            <div class=\"mpr-theme-contact-adress-box\" style=\"background: url('https:\/\/www.certification-india.com\/wp-content\/uploads\/china.png') no-repeat\">\r\n                    <div class=\"mpr-theme-contact-adress-box-inhalt\">\r\n                        <p class=\"is-style-subheadline\">\u00c7in<\/p>\n                    <\/div>\r\n                <\/div>\r\n                            <div class=\"mpr-theme-contact-adress-box\" style=\"background: url('') no-repeat\">\r\n                    <div class=\"mpr-theme-contact-adress-box-inhalt\">\r\n                        <div class=\"adresse-china\">\n<p class=\"is-style-subheadline\">Shanghai<\/p>\n<p><strong>Detang Germany Business Consulting Shanghai Co., Ltd.<\/strong><\/p>\n<p>Huanke Road 999,<br \/>\nPudong International Talent Hub,<br \/>\nBuilding 1, Room 802, Pudong District,<br \/>\n200126 Shanghai, P.R. China<\/p>\n<p>Telefon:<br \/>\n+86 400 961 0828<br \/>\n+86 21 6163 2960<\/p>\n<p>E-posta:<br \/>\n<a href=\"mailto:info@certification-india.com\">info@certification-india.com<\/a><\/p>\n<\/div>\n                    <\/div>\r\n                <\/div>\r\n                            <div class=\"mpr-theme-contact-adress-box\" style=\"background: url('') no-repeat\">\r\n                    <div class=\"mpr-theme-contact-adress-box-inhalt\">\r\n                        <div class=\"adresse-china\">\n<p class=\"is-style-subheadline\">Sichuan &#8211; Chengdu<\/p>\n<p><strong>Zhide Network Technology Chengdu Co., Ltd.<\/strong><\/p>\n<p>Room 2312, IFS, No. 1, Section 3<br \/>\nHongxing Road, Chengdu, Sichuan,<br \/>\nP.R. China 610021<\/p>\n<p>&nbsp;<\/p>\n<p>Telefon:<br \/>\n+86 400 961 0828<br \/>\n+86 28 6232 878<\/p>\n<p>E-posta:<br \/>\n<a href=\"mailto:info@certification-india.com\">info@certification-india.com<\/a><\/p>\n<\/div>\n                    <\/div>\r\n                <\/div>\r\n                    <\/div>\r\n<\/section>\n\n\n<div style=\"height:90px\" aria-hidden=\"true\" class=\"wp-block-spacer\"><\/div>\n\n\n\n<h2 class=\"wp-block-heading is-style-border-left-headline\" id=\"india-kontaktformular\">MPR <strong>\u0130LET\u0130\u015e\u0130M FORMU<\/strong><\/h2>\n\n\n\n<p>Bu \u00f6zelli\u011fi etkinle\u015ftirmek i\u00e7in l\u00fctfen \u00e7erezleri etkinle\u015ftirin. \u00c7erezler verilerinizi g\u00f6nderirken g\u00fcvenlik sa\u011flar. \u00c7erez ayarlar\u0131n\u0131 <strong>Gizlilik Politikas\u0131 sayfas\u0131nda<\/strong> de\u011fi\u015ftirebilirsiniz.<\/p>\n\n\n\n<div class=\"wp-block-columns is-layout-flex wp-container-core-columns-is-layout-9d6595d7 wp-block-columns-is-layout-flex\">\n<div class=\"wp-block-column is-layout-flow wp-block-column-is-layout-flow\" style=\"flex-basis:66.66%\">\n<div class=\"wp-block-contact-form-7-contact-form-selector\">\n<div class=\"wpcf7 no-js\" id=\"wpcf7-f9892-o1\" lang=\"de-DE\" dir=\"ltr\" data-wpcf7-id=\"9892\">\n<div class=\"screen-reader-response\"><p role=\"status\" aria-live=\"polite\" aria-atomic=\"true\"><\/p> <ul><\/ul><\/div>\n<form action=\"\/tr\/wp-json\/wp\/v2\/pages\/27157#wpcf7-f9892-o1\" method=\"post\" class=\"wpcf7-form init\" aria-label=\"Kontaktformular\" novalidate=\"novalidate\" data-status=\"init\">\n<fieldset class=\"hidden-fields-container\"><input type=\"hidden\" name=\"_wpcf7\" value=\"9892\" \/><input type=\"hidden\" name=\"_wpcf7_version\" value=\"6.1.5\" \/><input type=\"hidden\" name=\"_wpcf7_locale\" value=\"de_DE\" \/><input type=\"hidden\" name=\"_wpcf7_unit_tag\" value=\"wpcf7-f9892-o1\" \/><input type=\"hidden\" name=\"_wpcf7_container_post\" value=\"0\" \/><input type=\"hidden\" name=\"_wpcf7_posted_data_hash\" value=\"\" \/>\n<\/fieldset>\n<p><label>Your Location*<\/label><br \/>\n<span class=\"wpcf7-form-control-wrap\" data-name=\"location\"><select class=\"wpcf7-form-control wpcf7-select wpcf7-validates-as-required\" aria-required=\"true\" aria-invalid=\"false\" name=\"location\"><option value=\"America\">America<\/option><option value=\"Rest of the world\">Rest of the world<\/option><\/select><\/span>\n<\/p>\n<p><span class=\"wpcf7-form-control-wrap\" data-name=\"ihr-name\"><input size=\"40\" maxlength=\"400\" class=\"wpcf7-form-control wpcf7-text wpcf7-validates-as-required\" aria-required=\"true\" aria-invalid=\"false\" placeholder=\"Name*\" value=\"\" type=\"text\" name=\"ihr-name\" \/><\/span>\n<\/p>\n<p><span class=\"wpcf7-form-control-wrap\" data-name=\"email\"><input size=\"40\" maxlength=\"400\" class=\"wpcf7-form-control wpcf7-email wpcf7-validates-as-required wpcf7-text wpcf7-validates-as-email\" aria-required=\"true\" aria-invalid=\"false\" placeholder=\"Email*\" value=\"\" type=\"email\" name=\"email\" \/><\/span>\n<\/p>\n<p><span class=\"wpcf7-form-control-wrap\" data-name=\"firma\"><input size=\"40\" maxlength=\"400\" class=\"wpcf7-form-control wpcf7-text\" aria-invalid=\"false\" placeholder=\"Company\" value=\"\" type=\"text\" name=\"firma\" \/><\/span>\n<\/p>\n<p><span class=\"wpcf7-form-control-wrap\" data-name=\"telefon\"><input size=\"40\" maxlength=\"400\" class=\"wpcf7-form-control wpcf7-tel wpcf7-text wpcf7-validates-as-tel\" aria-invalid=\"false\" placeholder=\"Phone Number\" value=\"\" type=\"tel\" name=\"telefon\" \/><\/span>\n<\/p>\n<p><span class=\"wpcf7-form-control-wrap\" data-name=\"betreff\"><input size=\"40\" maxlength=\"400\" class=\"wpcf7-form-control wpcf7-text\" aria-invalid=\"false\" placeholder=\"Subject\" value=\"\" type=\"text\" name=\"betreff\" \/><\/span>\n<\/p>\n<p><span class=\"wpcf7-form-control-wrap\" data-name=\"nachricht\"><textarea cols=\"40\" rows=\"10\" maxlength=\"2000\" class=\"wpcf7-form-control wpcf7-textarea\" aria-invalid=\"false\" placeholder=\"Your Message\" name=\"nachricht\"><\/textarea><\/span>\n<\/p>\n<p><input class=\"wpcf7-form-control wpcf7-submit has-spinner\" type=\"submit\" value=\"Send\" \/>\n<\/p><div class=\"wpcf7-response-output\" aria-hidden=\"true\"><\/div>\n<\/form>\n<\/div>\n<\/div>\n<\/div>\n\n\n\n<div class=\"wp-block-column kontakt-hinweis is-layout-flow wp-block-column-is-layout-flow\" style=\"flex-basis:33.33%\">\n<p>L\u00fctfen * ile i\u015faretlenmi\u015f t\u00fcm alanlar\u0131 doldurunuz.<\/p>\n\n\n\n<p>Web sitemizde ki\u015fisel verilerin toplanmas\u0131 ve i\u015flenmesine ili\u015fkin bilgileri <strong>gizlilik politikam\u0131zda<\/strong> bulabilirsiniz.<\/p>\n<\/div>\n<\/div>\n","protected":false},"excerpt":{"rendered":"<p>your one-stop certification solution! \u0130leti\u015fim Avrupa &#8211; MPR International GmbH ABD &#8211; China Certification CORPORATION Asya MPR \u0130LET\u0130\u015e\u0130M FORMU Bu \u00f6zelli\u011fi etkinle\u015ftirmek i\u00e7in l\u00fctfen \u00e7erezleri etkinle\u015ftirin. \u00c7erezler verilerinizi g\u00f6nderirken g\u00fcvenlik sa\u011flar. \u00c7erez ayarlar\u0131n\u0131 Gizlilik Politikas\u0131 sayfas\u0131nda de\u011fi\u015ftirebilirsiniz. L\u00fctfen * ile i\u015faretlenmi\u015f t\u00fcm alanlar\u0131 doldurunuz. Web sitemizde ki\u015fisel verilerin toplanmas\u0131 ve i\u015flenmesine ili\u015fkin bilgileri gizlilik politikam\u0131zda [&hellip;]<\/p>\n","protected":false},"author":3,"featured_media":26590,"parent":0,"menu_order":4,"comment_status":"closed","ping_status":"closed","template":"","meta":{"_acf_changed":false,"inline_featured_image":false,"footnotes":""},"class_list":["post-27157","page","type-page","status-publish","has-post-thumbnail","hentry"],"acf":[],"yoast_head":"<!-- This site is optimized with the Yoast SEO plugin v27.4 - https:\/\/yoast.com\/product\/yoast-seo-wordpress\/ -->\n<title>\u0130leti\u015fim - MPR India Certification<\/title>\n<meta name=\"description\" content=\"\u00dcr\u00fcnlerinizin \u0130talyan pazar\u0131na y\u00f6nelik sertifikasyonunu nas\u0131l destekleyebilece\u011fimiz konusunda daha fazla bilgi i\u00e7in bizimle ileti\u015fime ge\u00e7in.\" \/>\n<meta name=\"robots\" content=\"index, follow, max-snippet:-1, max-image-preview:large, max-video-preview:-1\" \/>\n<link rel=\"canonical\" href=\"https:\/\/www.certification-india.com\/tr\/contact-tr\/\" \/>\n<meta property=\"og:locale\" content=\"tr_TR\" \/>\n<meta property=\"og:type\" content=\"article\" \/>\n<meta property=\"og:title\" content=\"\u0130leti\u015fim - MPR India Certification\" \/>\n<meta property=\"og:description\" content=\"\u00dcr\u00fcnlerinizin \u0130talyan pazar\u0131na y\u00f6nelik sertifikasyonunu nas\u0131l destekleyebilece\u011fimiz konusunda daha fazla bilgi i\u00e7in bizimle ileti\u015fime ge\u00e7in.\" \/>\n<meta property=\"og:url\" content=\"https:\/\/www.certification-india.com\/tr\/contact-tr\/\" \/>\n<meta property=\"og:site_name\" content=\"MPR India Certification\" \/>\n<meta property=\"article:modified_time\" content=\"2026-02-18T08:36:26+00:00\" \/>\n<meta property=\"og:image\" content=\"https:\/\/www.certification-india.com\/wp-content\/uploads\/header_ffm_1920.jpg\" \/>\n\t<meta property=\"og:image:width\" content=\"1920\" \/>\n\t<meta property=\"og:image:height\" content=\"446\" \/>\n\t<meta property=\"og:image:type\" content=\"image\/jpeg\" \/>\n<meta name=\"twitter:card\" content=\"summary_large_image\" \/>\n<meta name=\"twitter:label1\" content=\"Tahmini okuma s\u00fcresi\" \/>\n\t<meta name=\"twitter:data1\" content=\"1 dakika\" \/>\n<script type=\"application\/ld+json\" class=\"yoast-schema-graph\">{\"@context\":\"https:\\\/\\\/schema.org\",\"@graph\":[{\"@type\":\"WebPage\",\"@id\":\"https:\\\/\\\/www.certification-india.com\\\/tr\\\/contact-tr\\\/\",\"url\":\"https:\\\/\\\/www.certification-india.com\\\/tr\\\/contact-tr\\\/\",\"name\":\"\u0130leti\u015fim - MPR India Certification\",\"isPartOf\":{\"@id\":\"https:\\\/\\\/www.certification-india.com\\\/tr\\\/#website\"},\"primaryImageOfPage\":{\"@id\":\"https:\\\/\\\/www.certification-india.com\\\/tr\\\/contact-tr\\\/#primaryimage\"},\"image\":{\"@id\":\"https:\\\/\\\/www.certification-india.com\\\/tr\\\/contact-tr\\\/#primaryimage\"},\"thumbnailUrl\":\"https:\\\/\\\/www.certification-india.com\\\/wp-content\\\/uploads\\\/header_ffm_1920.jpg\",\"datePublished\":\"2023-05-12T05:53:59+00:00\",\"dateModified\":\"2026-02-18T08:36:26+00:00\",\"description\":\"\u00dcr\u00fcnlerinizin \u0130talyan pazar\u0131na y\u00f6nelik sertifikasyonunu nas\u0131l destekleyebilece\u011fimiz konusunda daha fazla bilgi i\u00e7in bizimle ileti\u015fime ge\u00e7in.\",\"breadcrumb\":{\"@id\":\"https:\\\/\\\/www.certification-india.com\\\/tr\\\/contact-tr\\\/#breadcrumb\"},\"inLanguage\":\"tr\",\"potentialAction\":[{\"@type\":\"ReadAction\",\"target\":[\"https:\\\/\\\/www.certification-india.com\\\/tr\\\/contact-tr\\\/\"]}]},{\"@type\":\"ImageObject\",\"inLanguage\":\"tr\",\"@id\":\"https:\\\/\\\/www.certification-india.com\\\/tr\\\/contact-tr\\\/#primaryimage\",\"url\":\"https:\\\/\\\/www.certification-india.com\\\/wp-content\\\/uploads\\\/header_ffm_1920.jpg\",\"contentUrl\":\"https:\\\/\\\/www.certification-india.com\\\/wp-content\\\/uploads\\\/header_ffm_1920.jpg\",\"width\":1920,\"height\":446},{\"@type\":\"BreadcrumbList\",\"@id\":\"https:\\\/\\\/www.certification-india.com\\\/tr\\\/contact-tr\\\/#breadcrumb\",\"itemListElement\":[{\"@type\":\"ListItem\",\"position\":1,\"name\":\"Startseite\",\"item\":\"https:\\\/\\\/www.certification-india.com\\\/tr\\\/\"},{\"@type\":\"ListItem\",\"position\":2,\"name\":\"Contact &#8211; TR\"}]},{\"@type\":\"WebSite\",\"@id\":\"https:\\\/\\\/www.certification-india.com\\\/tr\\\/#website\",\"url\":\"https:\\\/\\\/www.certification-india.com\\\/tr\\\/\",\"name\":\"MPR India Certification\",\"description\":\"Ihr Experte f\u00fcr Indien-Zertifizierungen\",\"potentialAction\":[{\"@type\":\"SearchAction\",\"target\":{\"@type\":\"EntryPoint\",\"urlTemplate\":\"https:\\\/\\\/www.certification-india.com\\\/tr\\\/?s={search_term_string}\"},\"query-input\":{\"@type\":\"PropertyValueSpecification\",\"valueRequired\":true,\"valueName\":\"search_term_string\"}}],\"inLanguage\":\"tr\"}]}<\/script>\n<!-- \/ Yoast SEO plugin. -->","yoast_head_json":{"title":"\u0130leti\u015fim - MPR India Certification","description":"\u00dcr\u00fcnlerinizin \u0130talyan pazar\u0131na y\u00f6nelik sertifikasyonunu nas\u0131l destekleyebilece\u011fimiz konusunda daha fazla bilgi i\u00e7in bizimle ileti\u015fime ge\u00e7in.","robots":{"index":"index","follow":"follow","max-snippet":"max-snippet:-1","max-image-preview":"max-image-preview:large","max-video-preview":"max-video-preview:-1"},"canonical":"https:\/\/www.certification-india.com\/tr\/contact-tr\/","og_locale":"tr_TR","og_type":"article","og_title":"\u0130leti\u015fim - MPR India Certification","og_description":"\u00dcr\u00fcnlerinizin \u0130talyan pazar\u0131na y\u00f6nelik sertifikasyonunu nas\u0131l destekleyebilece\u011fimiz konusunda daha fazla bilgi i\u00e7in bizimle ileti\u015fime ge\u00e7in.","og_url":"https:\/\/www.certification-india.com\/tr\/contact-tr\/","og_site_name":"MPR India Certification","article_modified_time":"2026-02-18T08:36:26+00:00","og_image":[{"width":1920,"height":446,"url":"https:\/\/www.certification-india.com\/wp-content\/uploads\/header_ffm_1920.jpg","type":"image\/jpeg"}],"twitter_card":"summary_large_image","twitter_misc":{"Tahmini okuma s\u00fcresi":"1 dakika"},"schema":{"@context":"https:\/\/schema.org","@graph":[{"@type":"WebPage","@id":"https:\/\/www.certification-india.com\/tr\/contact-tr\/","url":"https:\/\/www.certification-india.com\/tr\/contact-tr\/","name":"\u0130leti\u015fim - MPR India Certification","isPartOf":{"@id":"https:\/\/www.certification-india.com\/tr\/#website"},"primaryImageOfPage":{"@id":"https:\/\/www.certification-india.com\/tr\/contact-tr\/#primaryimage"},"image":{"@id":"https:\/\/www.certification-india.com\/tr\/contact-tr\/#primaryimage"},"thumbnailUrl":"https:\/\/www.certification-india.com\/wp-content\/uploads\/header_ffm_1920.jpg","datePublished":"2023-05-12T05:53:59+00:00","dateModified":"2026-02-18T08:36:26+00:00","description":"\u00dcr\u00fcnlerinizin \u0130talyan pazar\u0131na y\u00f6nelik sertifikasyonunu nas\u0131l destekleyebilece\u011fimiz konusunda daha fazla bilgi i\u00e7in bizimle ileti\u015fime ge\u00e7in.","breadcrumb":{"@id":"https:\/\/www.certification-india.com\/tr\/contact-tr\/#breadcrumb"},"inLanguage":"tr","potentialAction":[{"@type":"ReadAction","target":["https:\/\/www.certification-india.com\/tr\/contact-tr\/"]}]},{"@type":"ImageObject","inLanguage":"tr","@id":"https:\/\/www.certification-india.com\/tr\/contact-tr\/#primaryimage","url":"https:\/\/www.certification-india.com\/wp-content\/uploads\/header_ffm_1920.jpg","contentUrl":"https:\/\/www.certification-india.com\/wp-content\/uploads\/header_ffm_1920.jpg","width":1920,"height":446},{"@type":"BreadcrumbList","@id":"https:\/\/www.certification-india.com\/tr\/contact-tr\/#breadcrumb","itemListElement":[{"@type":"ListItem","position":1,"name":"Startseite","item":"https:\/\/www.certification-india.com\/tr\/"},{"@type":"ListItem","position":2,"name":"Contact &#8211; TR"}]},{"@type":"WebSite","@id":"https:\/\/www.certification-india.com\/tr\/#website","url":"https:\/\/www.certification-india.com\/tr\/","name":"MPR India Certification","description":"Ihr Experte f\u00fcr Indien-Zertifizierungen","potentialAction":[{"@type":"SearchAction","target":{"@type":"EntryPoint","urlTemplate":"https:\/\/www.certification-india.com\/tr\/?s={search_term_string}"},"query-input":{"@type":"PropertyValueSpecification","valueRequired":true,"valueName":"search_term_string"}}],"inLanguage":"tr"}]}},"_links":{"self":[{"href":"https:\/\/www.certification-india.com\/tr\/wp-json\/wp\/v2\/pages\/27157","targetHints":{"allow":["GET"]}}],"collection":[{"href":"https:\/\/www.certification-india.com\/tr\/wp-json\/wp\/v2\/pages"}],"about":[{"href":"https:\/\/www.certification-india.com\/tr\/wp-json\/wp\/v2\/types\/page"}],"author":[{"embeddable":true,"href":"https:\/\/www.certification-india.com\/tr\/wp-json\/wp\/v2\/users\/3"}],"replies":[{"embeddable":true,"href":"https:\/\/www.certification-india.com\/tr\/wp-json\/wp\/v2\/comments?post=27157"}],"version-history":[{"count":12,"href":"https:\/\/www.certification-india.com\/tr\/wp-json\/wp\/v2\/pages\/27157\/revisions"}],"predecessor-version":[{"id":31298,"href":"https:\/\/www.certification-india.com\/tr\/wp-json\/wp\/v2\/pages\/27157\/revisions\/31298"}],"wp:featuredmedia":[{"embeddable":true,"href":"https:\/\/www.certification-india.com\/tr\/wp-json\/wp\/v2\/media\/26590"}],"wp:attachment":[{"href":"https:\/\/www.certification-india.com\/tr\/wp-json\/wp\/v2\/media?parent=27157"}],"curies":[{"name":"wp","href":"https:\/\/api.w.org\/{rel}","templated":true}]}}