{"id":27202,"date":"2023-05-02T17:31:36","date_gmt":"2023-05-02T15:31:36","guid":{"rendered":"https:\/\/www.certification-india.com\/?page_id=27202"},"modified":"2023-11-13T15:48:18","modified_gmt":"2023-11-13T14:48:18","slug":"tec-sertifikasyonu-kitapcik","status":"publish","type":"page","link":"https:\/\/www.certification-india.com\/tr\/tec-sertifikasyonu-kitapcik\/","title":{"rendered":"Download Booklet &#8211; TEC &#8211; TR"},"content":{"rendered":"\n<h4 class=\"wp-block-heading is-style-header-headline-white\">your one-stop certification <strong>solution!<\/strong><\/h4>\n\n\n\n<h1 class=\"wp-block-heading is-style-h1-headline-content\">TEC Sertifikasyonu &#8211; Kitap\u00e7\u0131k<\/h1>\n\n\n\n<p><strong><strong>TEC Sertifikasyonu hakk\u0131nda kapsaml\u0131 bilgiler i\u00e7eren \u00fccretsiz kitap\u00e7\u0131\u011f\u0131m\u0131z\u0131 indirmek i\u00e7in buradan abone olabilirsiniz.<\/strong><\/strong><\/p>\n\n\n\n<div style=\"height:40px\" aria-hidden=\"true\" class=\"wp-block-spacer\"><\/div>\n\n\n\n<div class=\"wp-block-columns is-layout-flex wp-container-core-columns-is-layout-9d6595d7 wp-block-columns-is-layout-flex\">\n<div class=\"wp-block-column is-layout-flow wp-block-column-is-layout-flow\" style=\"flex-basis:33.33%\">\n<p class=\"has-text-align-center\"><\/p>\n\n\n<div class=\"wp-block-image\">\n<figure class=\"aligncenter size-full\"><img loading=\"lazy\" decoding=\"async\" width=\"155\" height=\"139\" src=\"https:\/\/www.certification-india.com\/wp-content\/uploads\/Indien-Broschueren-Cover-Dummy-7.png\" alt=\"\" class=\"wp-image-20823\"\/><\/figure>\n<\/div>\n\n\n<p class=\"has-text-align-center\">PDF Belgesi<\/p>\n<\/div>\n\n\n\n<div class=\"wp-block-column is-layout-flow wp-block-column-is-layout-flow\" style=\"flex-basis:66.66%\">\n<p><strong>\u0130\u00e7erik:<\/strong><\/p>\n\n\n\n<ul class=\"wp-block-list\">\n<li>TEC sertifikasyon prosed\u00fcrleri, ba\u015fvuru, \u00fcr\u00fcn testleri ve denetimleri hakk\u0131nda bilgi edinin<\/li>\n\n\n\n<li>Her \u015fey dahil sertifika paketimizin avantajlar\u0131<\/li>\n\n\n\n<li><strong>Bu i\u00e7erikler ve \u00e7ok daha fazlas\u0131 k\u0131lavuzda yer almaktad\u0131r.<\/strong> Sertifikasyonun her a\u015famas\u0131 i\u00e7in s\u0131k\u00e7a sorulan t\u00fcm sorular\u0131 yan\u0131tl\u0131yoruz.<\/li>\n<\/ul>\n<\/div>\n<\/div>\n\n\n\n<div class=\"wp-block-contact-form-7-contact-form-selector\">\n<div class=\"wpcf7 no-js\" id=\"wpcf7-f9811-o1\" lang=\"de-DE\" dir=\"ltr\" data-wpcf7-id=\"9811\">\n<div class=\"screen-reader-response\"><p role=\"status\" aria-live=\"polite\" aria-atomic=\"true\"><\/p> <ul><\/ul><\/div>\n<form action=\"\/tr\/wp-json\/wp\/v2\/pages\/27202#wpcf7-f9811-o1\" method=\"post\" class=\"wpcf7-form init\" aria-label=\"Kontaktformular\" novalidate=\"novalidate\" data-status=\"init\">\n<fieldset class=\"hidden-fields-container\"><input type=\"hidden\" name=\"_wpcf7\" value=\"9811\" \/><input type=\"hidden\" name=\"_wpcf7_version\" value=\"6.1.5\" \/><input type=\"hidden\" name=\"_wpcf7_locale\" value=\"de_DE\" \/><input type=\"hidden\" name=\"_wpcf7_unit_tag\" value=\"wpcf7-f9811-o1\" \/><input type=\"hidden\" name=\"_wpcf7_container_post\" value=\"0\" \/><input type=\"hidden\" name=\"_wpcf7_posted_data_hash\" value=\"\" \/>\n<\/fieldset>\n<p><label>Your Location*<\/label><br \/>\n<span class=\"wpcf7-form-control-wrap\" data-name=\"location\"><select class=\"wpcf7-form-control wpcf7-select wpcf7-validates-as-required\" aria-required=\"true\" aria-invalid=\"false\" name=\"location\"><option value=\"America\">America<\/option><option value=\"Rest of the world\">Rest of the world<\/option><\/select><\/span>\n<\/p>\n<p><label>Form of Address*<\/label><br \/>\n<span class=\"wpcf7-form-control-wrap\" data-name=\"anrede\"><select class=\"wpcf7-form-control wpcf7-select wpcf7-validates-as-required\" aria-required=\"true\" aria-invalid=\"false\" name=\"anrede\"><option value=\"Mr.\">Mr.<\/option><option value=\"Ms.\">Ms.<\/option><\/select><\/span>\n<\/p>\n<p><label>Name*<\/label><br \/>\n<span class=\"wpcf7-form-control-wrap\" data-name=\"nachname\"><input size=\"40\" maxlength=\"400\" class=\"wpcf7-form-control wpcf7-text wpcf7-validates-as-required\" aria-required=\"true\" aria-invalid=\"false\" value=\"\" type=\"text\" name=\"nachname\" \/><\/span>\n<\/p>\n<p><label>Email Address*<\/label><br \/>\n<span class=\"wpcf7-form-control-wrap\" data-name=\"email\"><input size=\"40\" maxlength=\"400\" class=\"wpcf7-form-control wpcf7-email wpcf7-validates-as-required wpcf7-text wpcf7-validates-as-email\" aria-required=\"true\" aria-invalid=\"false\" value=\"\" type=\"email\" name=\"email\" \/><\/span>\n<\/p>\n<p><label>Phone Number<\/label><br \/>\n<span class=\"wpcf7-form-control-wrap\" data-name=\"Phone\"><input size=\"40\" maxlength=\"400\" class=\"wpcf7-form-control wpcf7-tel wpcf7-text wpcf7-validates-as-tel\" aria-invalid=\"false\" value=\"\" type=\"tel\" name=\"Phone\" \/><\/span>\n<\/p>\n<p><span class=\"wpcf7-form-control-wrap\" data-name=\"datenschutz\"><span class=\"wpcf7-form-control wpcf7-checkbox wpcf7-validates-as-required\"><span class=\"wpcf7-list-item first last\"><input type=\"checkbox\" name=\"datenschutz[]\" value=\"I agree that my details used in the contact form will be collected and processed to answer my request. Note: You can revoke your consent at any time by e-mail at info@certification-india.com. Detailed information on handling of user data can be found in our privacy policy. *\" \/><span class=\"wpcf7-list-item-label\">I agree that my details used in the contact form will be collected and processed to answer my request. Note: You can revoke your consent at any time by e-mail at info@certification-india.com. Detailed information on handling of user data can be found in our privacy policy. *<\/span><\/span><\/span><\/span>\n<\/p>\n<p>* Required Fields\n<\/p>\n<p><input class=\"wpcf7-form-control wpcf7-submit has-spinner\" type=\"submit\" value=\"Send\" \/>\n<\/p><div class=\"wpcf7-response-output\" aria-hidden=\"true\"><\/div>\n<\/form>\n<\/div>\n<\/div>\n","protected":false},"excerpt":{"rendered":"<p>your one-stop certification solution! TEC Sertifikasyonu &#8211; Kitap\u00e7\u0131k TEC Sertifikasyonu hakk\u0131nda kapsaml\u0131 bilgiler i\u00e7eren \u00fccretsiz kitap\u00e7\u0131\u011f\u0131m\u0131z\u0131 indirmek i\u00e7in buradan abone olabilirsiniz. PDF Belgesi \u0130\u00e7erik:<\/p>\n","protected":false},"author":3,"featured_media":20318,"parent":0,"menu_order":0,"comment_status":"closed","ping_status":"closed","template":"","meta":{"_acf_changed":false,"inline_featured_image":false,"footnotes":""},"class_list":["post-27202","page","type-page","status-publish","has-post-thumbnail","hentry"],"acf":[],"yoast_head":"<!-- This site is optimized with the Yoast SEO plugin v27.4 - https:\/\/yoast.com\/product\/yoast-seo-wordpress\/ -->\n<title>TEC Sertifikasyonu - Kitap\u00e7\u0131k<\/title>\n<meta name=\"description\" content=\"TEC Sertifikasyonu hakk\u0131nda kapsaml\u0131 bilgiler i\u00e7eren \u00fccretsiz kitap\u00e7\u0131\u011f\u0131m\u0131z\u0131 indirmek i\u00e7in buradan abone olabilirsiniz.\" \/>\n<meta name=\"robots\" content=\"index, follow, max-snippet:-1, max-image-preview:large, max-video-preview:-1\" \/>\n<link rel=\"canonical\" href=\"https:\/\/www.certification-india.com\/tr\/tec-sertifikasyonu-kitapcik\/\" \/>\n<meta property=\"og:locale\" content=\"tr_TR\" \/>\n<meta property=\"og:type\" content=\"article\" \/>\n<meta property=\"og:title\" content=\"TEC Sertifikasyonu - Kitap\u00e7\u0131k\" \/>\n<meta property=\"og:description\" content=\"TEC Sertifikasyonu hakk\u0131nda kapsaml\u0131 bilgiler i\u00e7eren \u00fccretsiz kitap\u00e7\u0131\u011f\u0131m\u0131z\u0131 indirmek i\u00e7in buradan abone olabilirsiniz.\" \/>\n<meta property=\"og:url\" content=\"https:\/\/www.certification-india.com\/tr\/tec-sertifikasyonu-kitapcik\/\" \/>\n<meta property=\"og:site_name\" content=\"MPR India Certification\" \/>\n<meta property=\"article:modified_time\" content=\"2023-11-13T14:48:18+00:00\" \/>\n<meta property=\"og:image\" content=\"https:\/\/www.certification-india.com\/wp-content\/uploads\/tec.jpg\" \/>\n\t<meta property=\"og:image:width\" content=\"1920\" \/>\n\t<meta property=\"og:image:height\" content=\"447\" \/>\n\t<meta property=\"og:image:type\" content=\"image\/jpeg\" \/>\n<meta name=\"twitter:card\" content=\"summary_large_image\" \/>\n<script type=\"application\/ld+json\" class=\"yoast-schema-graph\">{\"@context\":\"https:\\\/\\\/schema.org\",\"@graph\":[{\"@type\":\"WebPage\",\"@id\":\"https:\\\/\\\/www.certification-india.com\\\/tr\\\/tec-sertifikasyonu-kitapcik\\\/\",\"url\":\"https:\\\/\\\/www.certification-india.com\\\/tr\\\/tec-sertifikasyonu-kitapcik\\\/\",\"name\":\"TEC Sertifikasyonu - Kitap\u00e7\u0131k\",\"isPartOf\":{\"@id\":\"https:\\\/\\\/www.certification-india.com\\\/tr\\\/#website\"},\"primaryImageOfPage\":{\"@id\":\"https:\\\/\\\/www.certification-india.com\\\/tr\\\/tec-sertifikasyonu-kitapcik\\\/#primaryimage\"},\"image\":{\"@id\":\"https:\\\/\\\/www.certification-india.com\\\/tr\\\/tec-sertifikasyonu-kitapcik\\\/#primaryimage\"},\"thumbnailUrl\":\"https:\\\/\\\/www.certification-india.com\\\/wp-content\\\/uploads\\\/tec.jpg\",\"datePublished\":\"2023-05-02T15:31:36+00:00\",\"dateModified\":\"2023-11-13T14:48:18+00:00\",\"description\":\"TEC Sertifikasyonu hakk\u0131nda kapsaml\u0131 bilgiler i\u00e7eren \u00fccretsiz kitap\u00e7\u0131\u011f\u0131m\u0131z\u0131 indirmek i\u00e7in buradan abone olabilirsiniz.\",\"breadcrumb\":{\"@id\":\"https:\\\/\\\/www.certification-india.com\\\/tr\\\/tec-sertifikasyonu-kitapcik\\\/#breadcrumb\"},\"inLanguage\":\"tr\",\"potentialAction\":[{\"@type\":\"ReadAction\",\"target\":[\"https:\\\/\\\/www.certification-india.com\\\/tr\\\/tec-sertifikasyonu-kitapcik\\\/\"]}]},{\"@type\":\"ImageObject\",\"inLanguage\":\"tr\",\"@id\":\"https:\\\/\\\/www.certification-india.com\\\/tr\\\/tec-sertifikasyonu-kitapcik\\\/#primaryimage\",\"url\":\"https:\\\/\\\/www.certification-india.com\\\/wp-content\\\/uploads\\\/tec.jpg\",\"contentUrl\":\"https:\\\/\\\/www.certification-india.com\\\/wp-content\\\/uploads\\\/tec.jpg\",\"width\":1920,\"height\":447},{\"@type\":\"BreadcrumbList\",\"@id\":\"https:\\\/\\\/www.certification-india.com\\\/tr\\\/tec-sertifikasyonu-kitapcik\\\/#breadcrumb\",\"itemListElement\":[{\"@type\":\"ListItem\",\"position\":1,\"name\":\"Startseite\",\"item\":\"https:\\\/\\\/www.certification-india.com\\\/tr\\\/\"},{\"@type\":\"ListItem\",\"position\":2,\"name\":\"Download Booklet &#8211; TEC &#8211; TR\"}]},{\"@type\":\"WebSite\",\"@id\":\"https:\\\/\\\/www.certification-india.com\\\/tr\\\/#website\",\"url\":\"https:\\\/\\\/www.certification-india.com\\\/tr\\\/\",\"name\":\"MPR India Certification\",\"description\":\"Ihr Experte f\u00fcr Indien-Zertifizierungen\",\"potentialAction\":[{\"@type\":\"SearchAction\",\"target\":{\"@type\":\"EntryPoint\",\"urlTemplate\":\"https:\\\/\\\/www.certification-india.com\\\/tr\\\/?s={search_term_string}\"},\"query-input\":{\"@type\":\"PropertyValueSpecification\",\"valueRequired\":true,\"valueName\":\"search_term_string\"}}],\"inLanguage\":\"tr\"}]}<\/script>\n<!-- \/ Yoast SEO plugin. -->","yoast_head_json":{"title":"TEC Sertifikasyonu - Kitap\u00e7\u0131k","description":"TEC Sertifikasyonu hakk\u0131nda kapsaml\u0131 bilgiler i\u00e7eren \u00fccretsiz kitap\u00e7\u0131\u011f\u0131m\u0131z\u0131 indirmek i\u00e7in buradan abone olabilirsiniz.","robots":{"index":"index","follow":"follow","max-snippet":"max-snippet:-1","max-image-preview":"max-image-preview:large","max-video-preview":"max-video-preview:-1"},"canonical":"https:\/\/www.certification-india.com\/tr\/tec-sertifikasyonu-kitapcik\/","og_locale":"tr_TR","og_type":"article","og_title":"TEC Sertifikasyonu - Kitap\u00e7\u0131k","og_description":"TEC Sertifikasyonu hakk\u0131nda kapsaml\u0131 bilgiler i\u00e7eren \u00fccretsiz kitap\u00e7\u0131\u011f\u0131m\u0131z\u0131 indirmek i\u00e7in buradan abone olabilirsiniz.","og_url":"https:\/\/www.certification-india.com\/tr\/tec-sertifikasyonu-kitapcik\/","og_site_name":"MPR India Certification","article_modified_time":"2023-11-13T14:48:18+00:00","og_image":[{"width":1920,"height":447,"url":"https:\/\/www.certification-india.com\/wp-content\/uploads\/tec.jpg","type":"image\/jpeg"}],"twitter_card":"summary_large_image","schema":{"@context":"https:\/\/schema.org","@graph":[{"@type":"WebPage","@id":"https:\/\/www.certification-india.com\/tr\/tec-sertifikasyonu-kitapcik\/","url":"https:\/\/www.certification-india.com\/tr\/tec-sertifikasyonu-kitapcik\/","name":"TEC Sertifikasyonu - Kitap\u00e7\u0131k","isPartOf":{"@id":"https:\/\/www.certification-india.com\/tr\/#website"},"primaryImageOfPage":{"@id":"https:\/\/www.certification-india.com\/tr\/tec-sertifikasyonu-kitapcik\/#primaryimage"},"image":{"@id":"https:\/\/www.certification-india.com\/tr\/tec-sertifikasyonu-kitapcik\/#primaryimage"},"thumbnailUrl":"https:\/\/www.certification-india.com\/wp-content\/uploads\/tec.jpg","datePublished":"2023-05-02T15:31:36+00:00","dateModified":"2023-11-13T14:48:18+00:00","description":"TEC Sertifikasyonu hakk\u0131nda kapsaml\u0131 bilgiler i\u00e7eren \u00fccretsiz kitap\u00e7\u0131\u011f\u0131m\u0131z\u0131 indirmek i\u00e7in buradan abone olabilirsiniz.","breadcrumb":{"@id":"https:\/\/www.certification-india.com\/tr\/tec-sertifikasyonu-kitapcik\/#breadcrumb"},"inLanguage":"tr","potentialAction":[{"@type":"ReadAction","target":["https:\/\/www.certification-india.com\/tr\/tec-sertifikasyonu-kitapcik\/"]}]},{"@type":"ImageObject","inLanguage":"tr","@id":"https:\/\/www.certification-india.com\/tr\/tec-sertifikasyonu-kitapcik\/#primaryimage","url":"https:\/\/www.certification-india.com\/wp-content\/uploads\/tec.jpg","contentUrl":"https:\/\/www.certification-india.com\/wp-content\/uploads\/tec.jpg","width":1920,"height":447},{"@type":"BreadcrumbList","@id":"https:\/\/www.certification-india.com\/tr\/tec-sertifikasyonu-kitapcik\/#breadcrumb","itemListElement":[{"@type":"ListItem","position":1,"name":"Startseite","item":"https:\/\/www.certification-india.com\/tr\/"},{"@type":"ListItem","position":2,"name":"Download Booklet &#8211; TEC &#8211; TR"}]},{"@type":"WebSite","@id":"https:\/\/www.certification-india.com\/tr\/#website","url":"https:\/\/www.certification-india.com\/tr\/","name":"MPR India Certification","description":"Ihr Experte f\u00fcr Indien-Zertifizierungen","potentialAction":[{"@type":"SearchAction","target":{"@type":"EntryPoint","urlTemplate":"https:\/\/www.certification-india.com\/tr\/?s={search_term_string}"},"query-input":{"@type":"PropertyValueSpecification","valueRequired":true,"valueName":"search_term_string"}}],"inLanguage":"tr"}]}},"_links":{"self":[{"href":"https:\/\/www.certification-india.com\/tr\/wp-json\/wp\/v2\/pages\/27202","targetHints":{"allow":["GET"]}}],"collection":[{"href":"https:\/\/www.certification-india.com\/tr\/wp-json\/wp\/v2\/pages"}],"about":[{"href":"https:\/\/www.certification-india.com\/tr\/wp-json\/wp\/v2\/types\/page"}],"author":[{"embeddable":true,"href":"https:\/\/www.certification-india.com\/tr\/wp-json\/wp\/v2\/users\/3"}],"replies":[{"embeddable":true,"href":"https:\/\/www.certification-india.com\/tr\/wp-json\/wp\/v2\/comments?post=27202"}],"version-history":[{"count":1,"href":"https:\/\/www.certification-india.com\/tr\/wp-json\/wp\/v2\/pages\/27202\/revisions"}],"predecessor-version":[{"id":27203,"href":"https:\/\/www.certification-india.com\/tr\/wp-json\/wp\/v2\/pages\/27202\/revisions\/27203"}],"wp:featuredmedia":[{"embeddable":true,"href":"https:\/\/www.certification-india.com\/tr\/wp-json\/wp\/v2\/media\/20318"}],"wp:attachment":[{"href":"https:\/\/www.certification-india.com\/tr\/wp-json\/wp\/v2\/media?parent=27202"}],"curies":[{"name":"wp","href":"https:\/\/api.w.org\/{rel}","templated":true}]}}