{"id":27377,"date":"2022-12-09T15:35:14","date_gmt":"2022-12-09T14:35:14","guid":{"rendered":"https:\/\/www.certification-india.com\/?page_id=27377"},"modified":"2023-11-14T10:13:07","modified_gmt":"2023-11-14T09:13:07","slug":"site-haritasi","status":"publish","type":"page","link":"https:\/\/www.certification-india.com\/tr\/site-haritasi\/","title":{"rendered":"Sitemap &#8211; TR"},"content":{"rendered":"\n<h1 class=\"wp-block-heading is-style-border-left-headline\">Site Haritas\u0131<\/h1>\n\n\n\n<div class=\"wp-block-columns is-layout-flex wp-container-core-columns-is-layout-9d6595d7 wp-block-columns-is-layout-flex\">\n<div class=\"wp-block-column is-layout-flow wp-block-column-is-layout-flow\">\n<ul class=\"wp-block-list\">\n<li><a href=\"https:\/\/www.certification-india.com\/en\/\">Ho\u015f <\/a><a href=\"https:\/\/www.certification-india.com\/tr\/\">geldiniz<\/a><\/li>\n\n\n\n<li><a href=\"https:\/\/www.certification-india.com\/tr\/bis-nedir\/\" target=\"_blank\" rel=\"noreferrer noopener\">BIS Sertifikasyonu<\/a>\n<ul class=\"wp-block-list\">\n<li><a href=\"https:\/\/www.certification-india.com\/tr\/bis-ile-ilgili-urunler\/\">BIS ile ilgili \u00fcr\u00fcnler<\/a><\/li>\n<\/ul>\n<\/li>\n\n\n\n<li><a href=\"https:\/\/www.certification-india.com\/tr\/peso-nedir\/\">PESO Sertifikasyonu<\/a>\n<ul class=\"wp-block-list\">\n<li><a href=\"https:\/\/www.certification-india.com\/tr\/peso-ile-ilgili-urunler-ve-bilesenler\/\">PESO ile ilgili \u00fcr\u00fcnler<\/a><\/li>\n<\/ul>\n<\/li>\n\n\n\n<li><a href=\"https:\/\/www.certification-india.com\/tr\/ais-nedir\/\">AIS Sertifikasyonu<\/a>\n<ul class=\"wp-block-list\">\n<li><a href=\"https:\/\/www.certification-india.com\/tr\/ais-zorunlu-urunler\/\">AIS ile ilgili \u00fcr\u00fcnler<\/a><\/li>\n<\/ul>\n<\/li>\n\n\n\n<li><a href=\"https:\/\/www.certification-india.com\/tr\/wpc-nedir\/\">WPC Sertifikasyonu<\/a>\n<ul class=\"wp-block-list\">\n<li><a href=\"https:\/\/www.certification-india.com\/tr\/wpc-sertifikasyonu-zorunlu-urunler\/\">WPC ile ilgili \u00fcr\u00fcnler<\/a><\/li>\n<\/ul>\n<\/li>\n\n\n\n<li><a href=\"https:\/\/www.certification-india.com\/tr\/tec-nedir\/\">TEC Sertifikasyonu<\/a>\n<ul class=\"wp-block-list\">\n<li><a href=\"https:\/\/www.certification-india.com\/tr\/tec-zorunlu-urunler\/\">TEC ile ilgili \u00fcr\u00fcnler<\/a><\/li>\n<\/ul>\n<\/li>\n\n\n\n<li>Di\u011fer Hizmetler\n<ul class=\"wp-block-list\">\n<li><a href=\"https:\/\/www.certification-india.com\/tr\/pil-atik-yonetimi-ve-epr\/\">Pil At\u0131k Y\u00f6netimi ve EPR<\/a><\/li>\n\n\n\n<li><a href=\"https:\/\/www.certification-india.com\/tr\/e-mobilite-hindistan\/\">E-Pobilite<\/a><\/li>\n<\/ul>\n<\/li>\n\n\n\n<li><a href=\"https:\/\/www.certification-india.com\/tr\/danismanlik-hizmetleri\/\">Dan\u0131\u015fmanl\u0131k Hizmetleri<\/a><\/li>\n\n\n\n<li>\u015eirket\n<ul class=\"wp-block-list\">\n<li><a href=\"https:\/\/www.certification-india.com\/tr\/contact-tr\/\">\u0130leti\u015fim<\/a><\/li>\n\n\n\n<li><a href=\"https:\/\/www.certification-india.com\/tr\/hakkimizda\/\">Hakk\u0131m\u0131zda<\/a><\/li>\n\n\n\n<li><a href=\"https:\/\/www.certification-india.com\/en\/company\/media-and-publications\/\">Medya ve Yay\u0131nlar<\/a><\/li>\n\n\n\n<li><a href=\"https:\/\/www.certification-india.com\/en\/company\/news\/\">Haberler<\/a><\/li>\n\n\n\n<li><a href=\"https:\/\/www.certification-india.com\/tr\/video-kanali\/\">Video Kanal\u0131<\/a><\/li>\n<\/ul>\n<\/li>\n\n\n\n<li><a href=\"https:\/\/www.certification-india.com\/en\/imprint\/\">K\u00fcnye<\/a><\/li>\n\n\n\n<li><a href=\"https:\/\/www.certification-india.com\/en\/glossar\/\">S\u00f6zl\u00fck<\/a><\/li>\n\n\n\n<li><a href=\"https:\/\/www.certification-india.com\/en\/privacy-policy\/\">Gizlilik Politikas\u0131<\/a><\/li>\n<\/ul>\n<\/div>\n<\/div>\n","protected":false},"excerpt":{"rendered":"<p>Site Haritas\u0131<\/p>\n","protected":false},"author":3,"featured_media":0,"parent":0,"menu_order":0,"comment_status":"closed","ping_status":"closed","template":"","meta":{"_acf_changed":false,"inline_featured_image":false,"footnotes":""},"class_list":["post-27377","page","type-page","status-publish","hentry"],"acf":[],"yoast_head":"<!-- This site is optimized with the Yoast SEO plugin v26.5 - https:\/\/yoast.com\/wordpress\/plugins\/seo\/ -->\n<title>Site Haritas\u0131<\/title>\n<meta name=\"description\" content=\"Site Haritas\u0131\" \/>\n<meta name=\"robots\" content=\"index, follow, max-snippet:-1, max-image-preview:large, max-video-preview:-1\" \/>\n<link rel=\"canonical\" href=\"https:\/\/www.certification-india.com\/tr\/site-haritasi\/\" \/>\n<meta property=\"og:locale\" content=\"tr_TR\" \/>\n<meta property=\"og:type\" content=\"article\" \/>\n<meta property=\"og:title\" content=\"Site Haritas\u0131\" \/>\n<meta property=\"og:description\" content=\"Site Haritas\u0131\" \/>\n<meta property=\"og:url\" content=\"https:\/\/www.certification-india.com\/tr\/site-haritasi\/\" \/>\n<meta property=\"og:site_name\" content=\"MPR India Certification\" \/>\n<meta property=\"article:modified_time\" content=\"2023-11-14T09:13:07+00:00\" \/>\n<meta name=\"twitter:card\" content=\"summary_large_image\" \/>\n<script type=\"application\/ld+json\" class=\"yoast-schema-graph\">{\"@context\":\"https:\/\/schema.org\",\"@graph\":[{\"@type\":\"WebPage\",\"@id\":\"https:\/\/www.certification-india.com\/tr\/site-haritasi\/\",\"url\":\"https:\/\/www.certification-india.com\/tr\/site-haritasi\/\",\"name\":\"Site Haritas\u0131\",\"isPartOf\":{\"@id\":\"https:\/\/www.certification-india.com\/tr\/#website\"},\"datePublished\":\"2022-12-09T14:35:14+00:00\",\"dateModified\":\"2023-11-14T09:13:07+00:00\",\"description\":\"Site Haritas\u0131\",\"breadcrumb\":{\"@id\":\"https:\/\/www.certification-india.com\/tr\/site-haritasi\/#breadcrumb\"},\"inLanguage\":\"tr\",\"potentialAction\":[{\"@type\":\"ReadAction\",\"target\":[\"https:\/\/www.certification-india.com\/tr\/site-haritasi\/\"]}]},{\"@type\":\"BreadcrumbList\",\"@id\":\"https:\/\/www.certification-india.com\/tr\/site-haritasi\/#breadcrumb\",\"itemListElement\":[{\"@type\":\"ListItem\",\"position\":1,\"name\":\"Startseite\",\"item\":\"https:\/\/www.certification-india.com\/tr\/\"},{\"@type\":\"ListItem\",\"position\":2,\"name\":\"Sitemap &#8211; TR\"}]},{\"@type\":\"WebSite\",\"@id\":\"https:\/\/www.certification-india.com\/tr\/#website\",\"url\":\"https:\/\/www.certification-india.com\/tr\/\",\"name\":\"MPR India Certification\",\"description\":\"Ihr Experte f\u00fcr Indien-Zertifizierungen\",\"potentialAction\":[{\"@type\":\"SearchAction\",\"target\":{\"@type\":\"EntryPoint\",\"urlTemplate\":\"https:\/\/www.certification-india.com\/tr\/?s={search_term_string}\"},\"query-input\":{\"@type\":\"PropertyValueSpecification\",\"valueRequired\":true,\"valueName\":\"search_term_string\"}}],\"inLanguage\":\"tr\"}]}<\/script>\n<!-- \/ Yoast SEO plugin. -->","yoast_head_json":{"title":"Site Haritas\u0131","description":"Site Haritas\u0131","robots":{"index":"index","follow":"follow","max-snippet":"max-snippet:-1","max-image-preview":"max-image-preview:large","max-video-preview":"max-video-preview:-1"},"canonical":"https:\/\/www.certification-india.com\/tr\/site-haritasi\/","og_locale":"tr_TR","og_type":"article","og_title":"Site Haritas\u0131","og_description":"Site Haritas\u0131","og_url":"https:\/\/www.certification-india.com\/tr\/site-haritasi\/","og_site_name":"MPR India Certification","article_modified_time":"2023-11-14T09:13:07+00:00","twitter_card":"summary_large_image","schema":{"@context":"https:\/\/schema.org","@graph":[{"@type":"WebPage","@id":"https:\/\/www.certification-india.com\/tr\/site-haritasi\/","url":"https:\/\/www.certification-india.com\/tr\/site-haritasi\/","name":"Site Haritas\u0131","isPartOf":{"@id":"https:\/\/www.certification-india.com\/tr\/#website"},"datePublished":"2022-12-09T14:35:14+00:00","dateModified":"2023-11-14T09:13:07+00:00","description":"Site Haritas\u0131","breadcrumb":{"@id":"https:\/\/www.certification-india.com\/tr\/site-haritasi\/#breadcrumb"},"inLanguage":"tr","potentialAction":[{"@type":"ReadAction","target":["https:\/\/www.certification-india.com\/tr\/site-haritasi\/"]}]},{"@type":"BreadcrumbList","@id":"https:\/\/www.certification-india.com\/tr\/site-haritasi\/#breadcrumb","itemListElement":[{"@type":"ListItem","position":1,"name":"Startseite","item":"https:\/\/www.certification-india.com\/tr\/"},{"@type":"ListItem","position":2,"name":"Sitemap &#8211; TR"}]},{"@type":"WebSite","@id":"https:\/\/www.certification-india.com\/tr\/#website","url":"https:\/\/www.certification-india.com\/tr\/","name":"MPR India Certification","description":"Ihr Experte f\u00fcr Indien-Zertifizierungen","potentialAction":[{"@type":"SearchAction","target":{"@type":"EntryPoint","urlTemplate":"https:\/\/www.certification-india.com\/tr\/?s={search_term_string}"},"query-input":{"@type":"PropertyValueSpecification","valueRequired":true,"valueName":"search_term_string"}}],"inLanguage":"tr"}]}},"_links":{"self":[{"href":"https:\/\/www.certification-india.com\/tr\/wp-json\/wp\/v2\/pages\/27377","targetHints":{"allow":["GET"]}}],"collection":[{"href":"https:\/\/www.certification-india.com\/tr\/wp-json\/wp\/v2\/pages"}],"about":[{"href":"https:\/\/www.certification-india.com\/tr\/wp-json\/wp\/v2\/types\/page"}],"author":[{"embeddable":true,"href":"https:\/\/www.certification-india.com\/tr\/wp-json\/wp\/v2\/users\/3"}],"replies":[{"embeddable":true,"href":"https:\/\/www.certification-india.com\/tr\/wp-json\/wp\/v2\/comments?post=27377"}],"version-history":[{"count":3,"href":"https:\/\/www.certification-india.com\/tr\/wp-json\/wp\/v2\/pages\/27377\/revisions"}],"predecessor-version":[{"id":27385,"href":"https:\/\/www.certification-india.com\/tr\/wp-json\/wp\/v2\/pages\/27377\/revisions\/27385"}],"wp:attachment":[{"href":"https:\/\/www.certification-india.com\/tr\/wp-json\/wp\/v2\/media?parent=27377"}],"curies":[{"name":"wp","href":"https:\/\/api.w.org\/{rel}","templated":true}]}}